{"id":2472,"date":"2015-08-05T15:35:02","date_gmt":"2015-08-05T15:35:02","guid":{"rendered":"http:\/\/mdtform.pt\/fr\/mdtform\/equipamentos\/"},"modified":"2015-11-12T16:51:07","modified_gmt":"2015-11-12T16:51:07","slug":"equipements","status":"publish","type":"page","link":"https:\/\/mdtform.pt\/fr\/mdtform\/equipements\/","title":{"rendered":"\u00c9quipements"},"content":{"rendered":"<div id=\"pl-2472\"  class=\"panel-layout\" ><div id=\"pg-2472-0\"  class=\"panel-grid panel-no-style\" ><div id=\"pgc-2472-0-0\"  class=\"panel-grid-cell\" ><div id=\"panel-2472-0-0-0\" class=\"so-panel widget widget_black-studio-tinymce widget_black_studio_tinymce panel-first-child\" data-index=\"0\" ><div class=\"textwidget\"><p style=\"text-align: justify;\">MDTFORM dispose d\u2019\u00e9quipements qui permettent d\u2019atteindre des niveaux \u00e9lev\u00e9s de performance technologique. Cette technologie de pointe alli\u00e9e au savoir-faire permet d\u2019atteindre une plus grande efficacit\u00e9 des processus de production et de la qualit\u00e9 des projets.<\/p>\n<\/div><\/div><div id=\"panel-2472-0-0-1\" class=\"so-panel widget widget_black-studio-tinymce widget_black_studio_tinymce panel-last-child\" data-index=\"1\" ><h3 class=\"widget-title\">Ingenierie <\/h3><div class=\"textwidget\"><p>[table colalign=\"left|left\"]<br \/>\nQuant,<br \/>\n5,Postes CAD CAM WorkNC<br \/>\n3,Postes CAD NX8<br \/>\n1,Poste CAD Topmold<br \/>\n[\/table]<\/p>\n<\/div><\/div><\/div><div id=\"pgc-2472-0-1\"  class=\"panel-grid-cell\" ><div id=\"panel-2472-0-1-0\" class=\"so-panel widget panel-first-child panel-last-child\" data-index=\"2\" ><\/div><\/div><\/div><div id=\"pg-2472-1\"  class=\"panel-grid panel-no-style\" ><div id=\"pgc-2472-1-0\"  class=\"panel-grid-cell\" ><div id=\"panel-2472-1-0-0\" class=\"so-panel widget widget_black-studio-tinymce widget_black_studio_tinymce panel-first-child panel-last-child\" data-index=\"3\" ><h3 class=\"widget-title\">Production<\/h3><div class=\"textwidget\"><p>[table colalign=\"left|left||left|right|right\"]<br \/>\nQuant,,Marque,Cursus,Poids support\u00e9<br \/>\n1,Centre d\u2019usinage \u00e0 grande vitesse 5 Axes,DMG,750x650x650,600 kg<br \/>\n1,Centre d\u2019usinage \u00e0 grande vitesse 5 Axes,DMF,2500x1100x1000,4.000 kg<br \/>\n1,Centre d\u2019usinage \u00e0 grande vitesse 5 Axes,SOLARUCE,2000x1000x1000,7.000 kg<br \/>\n2,Centre d\u2019usinage,DMG,1050x550x500,600 kg<br \/>\n1,\u00c9rosion,ONA,1500x1000x1000,12.000 kg<br \/>\n1,Centre de Production \u00e9lectrodes automatis\u00e9s,DMG,\"700x400x400 \",<br \/>\n3,Syst\u00e8mes grande vitesse p\/ Micro-usinage,-,60.000RPM + 40.000RPM,-<br \/>\n1,Centre d\u2019usinage 3+2 Axes,CORREA-ANAYAK,3000x1500x1500,12.000 kg<br \/>\n1,Centre d\u2019usinage Horizontal\/Vertical,ZAYER,4300x1200x1500,20.000 kg<br \/>\n1,Centre d\u2019usinage 3+2 Axes,CME,2000x1000x1000,5.000 kg<br \/>\n1,Centre d\u2019usinage,GENTIGER,3000x1600x1000,12.000 kg<br \/>\n1,Centre d\u2019usinage,HARTFORD,2000x1600x1100,5.000 kg<br \/>\n1,Centre d\u2019usinage,AWEA,2000x1200x900,5.000 kg<br \/>\n1,Centre d\u2019usinage,LEADWELL,1500x1000x700,2.500 kg<br \/>\n1,Centre d\u2019usinage,LEADWELL,1500x760x700,1.500 kg<br \/>\n1,Centre d\u2019usinage,HARTFORD,1100x600x500,1.000 kg<br \/>\n1,Perceuse profonde,HETO,2000x1200x1600,12.000 kg<br \/>\n1,Perceuse profonde,HETO,1200x1000x800,6.000 kg<br \/>\n[\/table]<\/p>\n<\/div><\/div><\/div><\/div><div id=\"pg-2472-2\"  class=\"panel-grid panel-no-style\" ><div id=\"pgc-2472-2-0\"  class=\"panel-grid-cell\" ><div id=\"panel-2472-2-0-0\" class=\"so-panel widget widget_black-studio-tinymce widget_black_studio_tinymce panel-first-child panel-last-child\" data-index=\"4\" ><h3 class=\"widget-title\">Assemblage<\/h3><div class=\"textwidget\"><p>[table colalign=\"left|left||left|right|right\"]<br \/>\nQuant,,Marque,Cursus,Poids support\u00e9<br \/>\n1,Rectifieuse plane,GREAT,1300x1200x800,2.500 kg<br \/>\n1,Rectifieuse plane,PERFECT,1100x550x500,500 kg<br \/>\n2,Rectifieuse pr\u00e9cision,CHEVALLIER,500x250x200,-<br \/>\n1,Presse pour ajuster les moules,-,2000x1600,200 t.<br \/>\n2,Ponts roulants ,-,-,10 t.<br \/>\n1,Pont roulant,-,-,25T+10 t.<br \/>\n1,Pont roulant,-,-,20T+5 t.<br \/>\n3,Semi-portiques ,-,-,5 t.<br \/>\n[\/table]<\/p>\n<\/div><\/div><\/div><div id=\"pgc-2472-2-1\"  class=\"panel-grid-cell\" ><div id=\"panel-2472-2-1-0\" class=\"so-panel widget panel-first-child panel-last-child\" data-index=\"5\" ><\/div><\/div><\/div><div id=\"pg-2472-3\"  class=\"panel-grid panel-no-style\" ><div id=\"pgc-2472-3-0\"  class=\"panel-grid-cell\" ><div id=\"panel-2472-3-0-0\" class=\"so-panel widget widget_black-studio-tinymce widget_black_studio_tinymce panel-first-child panel-last-child\" data-index=\"6\" ><h3 class=\"widget-title\">Contr\u00f4le<\/h3><div class=\"textwidget\"><p>[table colalign=\"left|left||left|right|right\"]<br \/>\nQuant,<br \/>\n1,Bras mesure FARO Edge \u2013 CMM portable avec registre de contr\u00f4le<br \/>\n[\/table]<\/p>\n<\/div><\/div><\/div><div id=\"pgc-2472-3-1\"  class=\"panel-grid-cell\" ><div id=\"panel-2472-3-1-0\" class=\"so-panel widget panel-first-child panel-last-child\" data-index=\"7\" ><\/div><\/div><\/div><\/div>","protected":false},"excerpt":{"rendered":"<p>MDTFORM dispose d\u2019\u00e9quipements qui permettent d\u2019atteindre des niveaux \u00e9lev\u00e9s de performance technologique. Cette technologie de pointe alli\u00e9e au savoir-faire permet d\u2019atteindre une plus grande efficacit\u00e9 des processus de production et de la qualit\u00e9 des projets. [table colalign=\u00a0\u00bbleft|left\u00a0\u00bb] Quant, 5,Postes CAD CAM WorkNC 3,Postes CAD NX8 1,Poste CAD Topmold [\/table] [table colalign=\u00a0\u00bbleft|left||left|right|right\u00a0\u00bb] Quant,,Marque,Cursus,Poids support\u00e9 1,Centre d\u2019usinage &hellip;<\/p>\n","protected":false},"author":1,"featured_media":0,"parent":2444,"menu_order":2,"comment_status":"closed","ping_status":"closed","template":"","meta":{"_acf_changed":false,"footnotes":""},"class_list":["post-2472","page","type-page","status-publish","hentry"],"acf":[],"aioseo_notices":[],"_links":{"self":[{"href":"https:\/\/mdtform.pt\/fr\/wp-json\/wp\/v2\/pages\/2472","targetHints":{"allow":["GET"]}}],"collection":[{"href":"https:\/\/mdtform.pt\/fr\/wp-json\/wp\/v2\/pages"}],"about":[{"href":"https:\/\/mdtform.pt\/fr\/wp-json\/wp\/v2\/types\/page"}],"author":[{"embeddable":true,"href":"https:\/\/mdtform.pt\/fr\/wp-json\/wp\/v2\/users\/1"}],"replies":[{"embeddable":true,"href":"https:\/\/mdtform.pt\/fr\/wp-json\/wp\/v2\/comments?post=2472"}],"version-history":[{"count":5,"href":"https:\/\/mdtform.pt\/fr\/wp-json\/wp\/v2\/pages\/2472\/revisions"}],"predecessor-version":[{"id":2660,"href":"https:\/\/mdtform.pt\/fr\/wp-json\/wp\/v2\/pages\/2472\/revisions\/2660"}],"up":[{"embeddable":true,"href":"https:\/\/mdtform.pt\/fr\/wp-json\/wp\/v2\/pages\/2444"}],"wp:attachment":[{"href":"https:\/\/mdtform.pt\/fr\/wp-json\/wp\/v2\/media?parent=2472"}],"curies":[{"name":"wp","href":"https:\/\/api.w.org\/{rel}","templated":true}]}}