{"id":2459,"date":"2015-08-05T16:11:14","date_gmt":"2015-08-05T16:11:14","guid":{"rendered":"http:\/\/mdtform.pt\/fr\/mdtform\/processos-2\/"},"modified":"2016-01-21T11:32:47","modified_gmt":"2016-01-21T11:32:47","slug":"processus","status":"publish","type":"page","link":"https:\/\/mdtform.pt\/fr\/mdtform\/processus\/","title":{"rendered":"Processus"},"content":{"rendered":"<div id=\"pl-2459\"  class=\"panel-layout\" ><div id=\"pg-2459-0\"  class=\"panel-grid panel-no-style\" ><div id=\"pgc-2459-0-0\"  class=\"panel-grid-cell\" ><div id=\"panel-2459-0-0-0\" class=\"so-panel widget widget_black-studio-tinymce widget_black_studio_tinymce panel-first-child\" data-index=\"0\" ><div class=\"textwidget\"><h3 style=\"text-align: justify;\"><i class=\"fa fa-paper-plane-o\"><\/i> PLANIFICATION<\/h3>\n<p style=\"text-align: justify;\">La planification d\u00e9taill\u00e9e, ainsi que la capacit\u00e9 d\u2019adaptation et de flexibilit\u00e9 permettent une plus grande efficacit\u00e9 lors de la r\u00e9alisation des diff\u00e9rentes phases du processus de production.<\/p>\n<\/div><\/div><div id=\"panel-2459-0-0-1\" class=\"so-panel widget widget_black-studio-tinymce widget_black_studio_tinymce\" data-index=\"1\" ><div class=\"textwidget\"><h3 style=\"text-align: justify;\"><i class=\"fa fa-calculator\"><\/i> INGENIERIE<\/h3>\n<p style=\"text-align: justify;\">Les techniciens exp\u00e9riment\u00e9s soutenus par des syst\u00e8mes CAD-CAM modernes d\u00e9veloppent les solutions techniques pour les besoins les plus complexes.<\/p>\n<\/div><\/div><div id=\"panel-2459-0-0-2\" class=\"so-panel widget widget_black-studio-tinymce widget_black_studio_tinymce\" data-index=\"2\" ><div class=\"textwidget\"><h3 style=\"text-align: justify;\"><i class=\"fa fa-cog\"><\/i> PRODUCTION<\/h3>\n<p style=\"text-align: justify;\">Organis\u00e9s en 3 \u00e9quipes rotatives, l\u2019exp\u00e9rience des 70 techniciens qualifi\u00e9s alli\u00e9e \u00e0 des \u00e9quipements et des outils modernes garantissent des d\u00e9lais de livraison r\u00e9duits et des prix comp\u00e9titifs.<\/p>\n<p style=\"text-align: justify;\">Int\u00e9gr\u00e9e dans l\u2019un des secteurs sp\u00e9cialis\u00e9s, occupant une surface de 2500m\u00b2, MDTFORM ajoute de la valeur, en offrant qualit\u00e9 et excellence tout au long du processus de production. L\u2019investissement constant en formation et technologie lui permet sa distinction et reconnaissance dans le secteur.<\/p>\n<\/div><\/div><div id=\"panel-2459-0-0-3\" class=\"so-panel widget widget_black-studio-tinymce widget_black_studio_tinymce\" data-index=\"3\" ><div class=\"textwidget\"><h3 style=\"text-align: justify;\"><i class=\"fa fa-check-square-o\"><\/i> ESSAIS<\/h3>\n<p style=\"text-align: justify;\">MDTFORM r\u00e9alise, chez des partenaires sp\u00e9cialis\u00e9s, les essais et les respectives productions afin de garantir que ceux-ci correspondent aux exigences du client et d\u00e9passent ses attentes.<\/p>\n<\/div><\/div><div id=\"panel-2459-0-0-4\" class=\"so-panel widget widget_black-studio-tinymce widget_black_studio_tinymce\" data-index=\"4\" ><div class=\"textwidget\"><h3 style=\"text-align: justify;\"><i class=\"fa fa-trophy\"><\/i> CONTROLE ET QUALITE<\/h3>\n<p style=\"text-align: justify;\">La satisfaction des clients est une pr\u00e9occupation constante de MDTFORM. Ainsi, tout le processus de production est surveill\u00e9 et contr\u00f4l\u00e9 par des techniciens qualifi\u00e9s et exp\u00e9riment\u00e9s qui r\u00e9alisent leurs t\u00e2ches afin d\u2019atteindre des niveaux \u00e9lev\u00e9s de qualit\u00e9. MDTFORM dispose d\u2019un syst\u00e8me de contr\u00f4le tridimensionnel, fournissant l\u2019analyse et un rapport dimensionnel complet.<\/p>\n<p style=\"text-align: justify;\">MDTFORM met en \u00e9vidence la qualit\u00e9 de tous ses processus, reconnaissant celle-ci comme un outil fondamental pour conqu\u00e9rir la confiance et la pr\u00e9f\u00e9rence de ses clients. Dans ce sens, le processus de Certification de Gestion de Qualit\u00e9 et la mise en \u0153uvre de la Certification ISO 9001:2015 furent initi\u00e9s.<\/p>\n<\/div><\/div><div id=\"panel-2459-0-0-5\" class=\"so-panel widget widget_black-studio-tinymce widget_black_studio_tinymce\" data-index=\"5\" ><div class=\"textwidget\"><h3 style=\"text-align: justify;\"><i class=\"fa fa-laptop\"><\/i> TECHNOLOGIE SAVOIR-FAIRE<\/h3>\n<p style=\"text-align: justify;\">MDTFORM dispose des capacit\u00e9s techniques et productives qui permettent le d\u00e9veloppement et la fabrication de moules jusqu\u2019\u00e0 35 tonnes, avec des niveaux \u00e9lev\u00e9s de complexit\u00e9, comme les Moules Sandwich, les Moules Bi-mati\u00e8res (2K), les Moules assist\u00e9s par gaz (GID) et les Moules de fonderie sous pression, entre autres.<\/p>\n<\/div><\/div><div id=\"panel-2459-0-0-6\" class=\"so-panel widget widget_black-studio-tinymce widget_black_studio_tinymce panel-last-child\" data-index=\"6\" ><div class=\"textwidget\"><h3 style=\"text-align: justify;\"><i class=\"fa fa-graduation-cap\"><\/i> FORMATION<\/h3>\n<p style=\"text-align: justify;\">Partenaire d\u2019entit\u00e9s comme le CENFIM de Marinha Grande et l\u2019Institut Polytechnique de Leiria, entre autres, MDTFORM parie sur la formation, la qualification et le d\u00e9veloppement de ses techniciens afin d\u2019augmenter leur productivit\u00e9 et leur performance.<\/p>\n<\/div><\/div><\/div><\/div><div id=\"pg-2459-1\"  class=\"panel-grid panel-no-style\" ><div id=\"pgc-2459-1-0\"  class=\"panel-grid-cell\" ><div id=\"panel-2459-1-0-0\" class=\"so-panel widget panel-first-child panel-last-child\" data-index=\"7\" ><\/div><\/div><div id=\"pgc-2459-1-1\"  class=\"panel-grid-cell\" ><div id=\"panel-2459-1-1-0\" class=\"so-panel widget panel-first-child panel-last-child\" data-index=\"8\" ><\/div><\/div><div id=\"pgc-2459-1-2\"  class=\"panel-grid-cell\" ><div id=\"panel-2459-1-2-0\" class=\"so-panel widget panel-first-child panel-last-child\" data-index=\"9\" ><\/div><\/div><div id=\"pgc-2459-1-3\"  class=\"panel-grid-cell\" ><div id=\"panel-2459-1-3-0\" class=\"so-panel widget panel-first-child panel-last-child\" data-index=\"10\" ><\/div><\/div><\/div><\/div>","protected":false},"excerpt":{"rendered":"<p>PLANIFICATION La planification d\u00e9taill\u00e9e, ainsi que la capacit\u00e9 d\u2019adaptation et de flexibilit\u00e9 permettent une plus grande efficacit\u00e9 lors de la r\u00e9alisation des diff\u00e9rentes phases du processus de production. INGENIERIE Les techniciens exp\u00e9riment\u00e9s soutenus par des syst\u00e8mes CAD-CAM modernes d\u00e9veloppent les solutions techniques pour les besoins les plus complexes. PRODUCTION Organis\u00e9s en 3 \u00e9quipes rotatives, l\u2019exp\u00e9rience &hellip;<\/p>\n","protected":false},"author":1,"featured_media":0,"parent":2444,"menu_order":1,"comment_status":"closed","ping_status":"closed","template":"","meta":{"_acf_changed":false,"footnotes":""},"class_list":["post-2459","page","type-page","status-publish","hentry"],"acf":[],"aioseo_notices":[],"_links":{"self":[{"href":"https:\/\/mdtform.pt\/fr\/wp-json\/wp\/v2\/pages\/2459","targetHints":{"allow":["GET"]}}],"collection":[{"href":"https:\/\/mdtform.pt\/fr\/wp-json\/wp\/v2\/pages"}],"about":[{"href":"https:\/\/mdtform.pt\/fr\/wp-json\/wp\/v2\/types\/page"}],"author":[{"embeddable":true,"href":"https:\/\/mdtform.pt\/fr\/wp-json\/wp\/v2\/users\/1"}],"replies":[{"embeddable":true,"href":"https:\/\/mdtform.pt\/fr\/wp-json\/wp\/v2\/comments?post=2459"}],"version-history":[{"count":7,"href":"https:\/\/mdtform.pt\/fr\/wp-json\/wp\/v2\/pages\/2459\/revisions"}],"predecessor-version":[{"id":2699,"href":"https:\/\/mdtform.pt\/fr\/wp-json\/wp\/v2\/pages\/2459\/revisions\/2699"}],"up":[{"embeddable":true,"href":"https:\/\/mdtform.pt\/fr\/wp-json\/wp\/v2\/pages\/2444"}],"wp:attachment":[{"href":"https:\/\/mdtform.pt\/fr\/wp-json\/wp\/v2\/media?parent=2459"}],"curies":[{"name":"wp","href":"https:\/\/api.w.org\/{rel}","templated":true}]}}