{"id":2444,"date":"2014-10-24T11:30:58","date_gmt":"2014-10-24T11:30:58","guid":{"rendered":"http:\/\/mdtform.pt\/fr\/mdtform\/"},"modified":"2021-02-17T08:56:13","modified_gmt":"2021-02-17T08:56:13","slug":"mdtform","status":"publish","type":"page","link":"https:\/\/mdtform.pt\/fr\/mdtform\/","title":{"rendered":"MDTForm"},"content":{"rendered":"<div id=\"pl-2444\"  class=\"panel-layout\" ><div id=\"pg-2444-0\"  class=\"panel-grid panel-no-style\" ><div id=\"pgc-2444-0-0\"  class=\"panel-grid-cell\" ><div id=\"panel-2444-0-0-0\" class=\"so-panel widget widget_black-studio-tinymce widget_black_studio_tinymce panel-first-child panel-last-child\" data-index=\"0\" ><h3 class=\"widget-title\">Qui sommes-nous?<\/h3><div class=\"textwidget\"><p style=\"text-align: justify\">MDTFORM est n\u00e9e suite \u00e0 la r\u00e9organisation de la soci\u00e9t\u00e9 m\u00e8re MOLDATA Lda, laquelle syst\u00e9matise les diverses activit\u00e9s par secteurs\/soci\u00e9t\u00e9s sp\u00e9cialis\u00e9es afin de mieux r\u00e9pondre aux exigences du march\u00e9.<\/p>\n<p style=\"text-align: justify\">Gr\u00e2ce \u00e0 cette r\u00e9organisation, MDTFORM dispose de sa propre structure ind\u00e9pendante alli\u00e9e \u00e0 une \u00e9quipe avec plus de 20 ans d'exp\u00e9rience, sp\u00e9cialis\u00e9e dans l\u2019\u00e9tude, le d\u00e9veloppement technique et la fabrication de moules pour injection.<\/p>\n<\/div><\/div><\/div><\/div><div id=\"pg-2444-1\"  class=\"panel-grid panel-no-style\" ><div id=\"pgc-2444-1-0\"  class=\"panel-grid-cell\" ><div id=\"panel-2444-1-0-0\" class=\"so-panel widget widget_black-studio-tinymce widget_black_studio_tinymce panel-first-child\" data-index=\"1\" ><h3 class=\"widget-title\">Mission<\/h3><div class=\"textwidget\"><p style=\"text-align: justify\">MDTFORM a pour mission de fabriquer des moules pour l'injection plastique et fonderie sous pression de haute qualit\u00e9, avec des prix comp\u00e9titifs et de courts d\u00e9lais. Avec une approche proactive, elle cherche \u00e0 anticiper les exigences du march\u00e9 afin de d\u00e9velopper des solutions qui d\u00e9passent les attentes de ses clients.<\/p>\n<\/div><\/div><div id=\"panel-2444-1-0-1\" class=\"so-panel widget widget_black-studio-tinymce widget_black_studio_tinymce panel-last-child\" data-index=\"2\" ><h3 class=\"widget-title\">Engagement<\/h3><div class=\"textwidget\"><p>MDTFORM veut \u00eatre un fabricant de r\u00e9f\u00e9rence dans l\u2019industrie des moules, connue et reconnue pour la qualit\u00e9 de ses produits et la valorisation des relations avec ses clients, en se positionnant comme des partenaires \u00e0 long terme.<\/p>\n<\/div><\/div><\/div><div id=\"pgc-2444-1-1\"  class=\"panel-grid-cell\" ><div id=\"panel-2444-1-1-0\" class=\"so-panel widget panel-first-child panel-last-child\" data-index=\"3\" ><\/div><\/div><\/div><div id=\"pg-2444-2\"  class=\"panel-grid panel-no-style\" ><div id=\"pgc-2444-2-0\"  class=\"panel-grid-cell\" ><div id=\"panel-2444-2-0-0\" class=\"so-panel widget widget_black-studio-tinymce widget_black_studio_tinymce panel-first-child\" data-index=\"4\" ><h3 class=\"widget-title\">Politique de qualit\u00e9<\/h3><div class=\"textwidget\"><p style=\"text-align: justify\">Dans la Conception, le D\u00e9veloppement et la Fabrication de Moules M\u00e9talliques de pi\u00e8ces techniques pour l'industrie plastique et fonderie inject\u00e9e, MDTForm cherche \u00e0 \u00e9largir son domaine d'expertise et de connaissance interne en tant que partenaire strat\u00e9gique.<\/p>\n<p style=\"text-align: justify\">L'organisation s'engage \u00e0 d\u00e9velopper des solutions innovantes adapt\u00e9es aux besoins et aux attentes des Clients, par le d\u00e9veloppement des comp\u00e9tences et dans l\u2019\u00e9tablissement des engagements.<\/p>\n<p style=\"text-align: justify\">MDTForm a l'intention d\u2019\u00eatre reconnu comme:<\/p>\n<p style=\"text-align: justify\"><strong><em><u>Entrepreneure<\/u><\/em><\/strong> dans la diversit\u00e9 de ses produits et services cherchant \u00e0 d\u00e9velopper des nouvelles solutions avec l\u2019application de nouvelles technologies.<\/p>\n<hr \/>\n<p style=\"text-align: justify\">MDTForm, comme moyen de minimiser les risques et de combler certaines lacunes, favorise le partage des connaissances internes ainsi que l'observation externe, la mise en place de partenariats et la surveillance;<\/p>\n<hr \/>\n<p style=\"text-align: justify\"><strong><em><u>Vrai<\/u><\/em><\/strong> dans le suivi des besoins et attentes des Clients (qualit\u00e9 du produit) en cr\u00e9ant avec eux un climat de confiance garanti le respect des obligations l\u00e9gales et r\u00e9glementaires de conformit\u00e9;<\/p>\n<hr \/>\n<p style=\"text-align: justify\"><strong><em><u>A<\/u><\/em><\/strong><strong><em><u>ctive<\/u><\/em><\/strong> dans l\u2019am\u00e9lioration continue du syst\u00e8me de gestion de la qualit\u00e9, gestion environnementale et performance de la SST, ainsi que dans la recherche incessante de nouveaux domaines d'activit\u00e9 et le d\u00e9veloppement de nouvelles solutions, cr\u00e9ant un climat de confiance et de partenariat indispensable pour rester sur le march\u00e9;<\/p>\n<hr \/>\n<p style=\"text-align: justify\"><strong><em><u>Flexible<\/u><\/em><\/strong> aux besoins et attentes des clients;<\/p>\n<hr \/>\n<p style=\"text-align: justify\"><strong><em><u>Diff\u00e9rente<\/u><\/em><\/strong> dans la mise en \u0153uvre de m\u00e9thodes de travail toujours orient\u00e9es vers le travail d'\u00e9quipe et l'entraide dans le partage d'informations;<\/p>\n<hr \/>\n<p style=\"text-align: justify\"><strong><em><u>Respectueuse<\/u><\/em><\/strong> aupr\u00e8s de ses collaborateurs pour le renforcement n\u00e9cessaire de leurs comp\u00e9tences et la promotion de leur motivation, du bien-\u00eatre g\u00e9n\u00e9ral et de l'esprit d'\u00e9quipe;<\/p>\n<hr \/>\n<p>&nbsp;<\/p>\n<p style=\"text-align: justify\">Nous pensons que l'\u00e9tablissement de ces principes permet \u00e0 MDTForm d'obtenir une plus grande cr\u00e9dibilit\u00e9, ce qui est propice \u00e0 l'augmentation du volume d'affaires, \u00e0 l'augmentation de nouveaux march\u00e9s et de nouveaux clients, garantissant l'avenir et la stabilit\u00e9 de l'entreprise et de tous ceux qui en d\u00e9pendent.<\/p>\n<p style=\"text-align: right\"><em>avril 2020<\/em><\/p>\n<\/div><\/div><div id=\"panel-2444-2-0-1\" class=\"so-panel widget widget_black-studio-tinymce widget_black_studio_tinymce panel-last-child\" data-index=\"5\" ><h3 class=\"widget-title\">Certificats<\/h3><div class=\"textwidget\"><ul>\n<li>Norme NP EN ISO 9001: 2015, assurant l'efficacit\u00e9 du syst\u00e8me de gestion de la qualit\u00e9<\/li>\n<\/ul>\n<p><img loading=\"lazy\" decoding=\"async\" class=\"aligncenter wp-image-3364 size-medium\" src=\"https:\/\/mdtform.pt\/wp-content\/uploads\/2021\/02\/Certificado-ISO9001_FR-220x300.jpg\" alt=\"\" width=\"220\" height=\"300\" srcset=\"https:\/\/mdtform.pt\/wp-content\/uploads\/2021\/02\/Certificado-ISO9001_FR-220x300.jpg 220w, https:\/\/mdtform.pt\/wp-content\/uploads\/2021\/02\/Certificado-ISO9001_FR-753x1024.jpg 753w, https:\/\/mdtform.pt\/wp-content\/uploads\/2021\/02\/Certificado-ISO9001_FR-768x1045.jpg 768w, https:\/\/mdtform.pt\/wp-content\/uploads\/2021\/02\/Certificado-ISO9001_FR-1129x1536.jpg 1129w, https:\/\/mdtform.pt\/wp-content\/uploads\/2021\/02\/Certificado-ISO9001_FR-408x555.jpg 408w, https:\/\/mdtform.pt\/wp-content\/uploads\/2021\/02\/Certificado-ISO9001_FR.jpg 1505w\" sizes=\"auto, (max-width: 220px) 100vw, 220px\" \/><\/p>\n<p>&nbsp;<\/p>\n<\/div><\/div><\/div><\/div><\/div>","protected":false},"excerpt":{"rendered":"<p>MDTFORM est n\u00e9e suite \u00e0 la r\u00e9organisation de la soci\u00e9t\u00e9 m\u00e8re MOLDATA Lda, laquelle syst\u00e9matise les diverses activit\u00e9s par secteurs\/soci\u00e9t\u00e9s sp\u00e9cialis\u00e9es afin de mieux r\u00e9pondre aux exigences du march\u00e9. Gr\u00e2ce \u00e0 cette r\u00e9organisation, MDTFORM dispose de sa propre structure ind\u00e9pendante alli\u00e9e \u00e0 une \u00e9quipe avec plus de 20 ans d&rsquo;exp\u00e9rience, sp\u00e9cialis\u00e9e dans l\u2019\u00e9tude, le d\u00e9veloppement &hellip;<\/p>\n","protected":false},"author":1,"featured_media":0,"parent":0,"menu_order":2,"comment_status":"closed","ping_status":"closed","template":"","meta":{"_acf_changed":false,"footnotes":""},"class_list":["post-2444","page","type-page","status-publish","hentry"],"acf":[],"aioseo_notices":[],"_links":{"self":[{"href":"https:\/\/mdtform.pt\/fr\/wp-json\/wp\/v2\/pages\/2444","targetHints":{"allow":["GET"]}}],"collection":[{"href":"https:\/\/mdtform.pt\/fr\/wp-json\/wp\/v2\/pages"}],"about":[{"href":"https:\/\/mdtform.pt\/fr\/wp-json\/wp\/v2\/types\/page"}],"author":[{"embeddable":true,"href":"https:\/\/mdtform.pt\/fr\/wp-json\/wp\/v2\/users\/1"}],"replies":[{"embeddable":true,"href":"https:\/\/mdtform.pt\/fr\/wp-json\/wp\/v2\/comments?post=2444"}],"version-history":[{"count":14,"href":"https:\/\/mdtform.pt\/fr\/wp-json\/wp\/v2\/pages\/2444\/revisions"}],"predecessor-version":[{"id":3369,"href":"https:\/\/mdtform.pt\/fr\/wp-json\/wp\/v2\/pages\/2444\/revisions\/3369"}],"wp:attachment":[{"href":"https:\/\/mdtform.pt\/fr\/wp-json\/wp\/v2\/media?parent=2444"}],"curies":[{"name":"wp","href":"https:\/\/api.w.org\/{rel}","templated":true}]}}