{"id":2426,"date":"2014-10-15T12:59:47","date_gmt":"2014-10-15T12:59:47","guid":{"rendered":"http:\/\/mdtform.pt\/fr\/front-page\/"},"modified":"2020-08-26T10:31:46","modified_gmt":"2020-08-26T10:31:46","slug":"front-page","status":"publish","type":"page","link":"https:\/\/mdtform.pt\/fr\/","title":{"rendered":"Front Page"},"content":{"rendered":"<div id=\"pl-2426\"  class=\"panel-layout\" ><div id=\"pg-2426-0\"  class=\"panel-grid panel-has-style\" ><div class=\"siteorigin-panels-stretch panel-row-style panel-row-style-for-2426-0\" data-stretch-type=\"full\" ><div id=\"pgc-2426-0-0\"  class=\"panel-grid-cell\" ><div id=\"panel-2426-0-0-0\" class=\"so-panel widget widget_pt_banner widget-banner panel-first-child panel-last-child\" data-index=\"0\" >\t\t\t\t<div class=\"banner__text\">\n\t\t\t\t\tVous cherchez un fabricant qui vous garantisse rapidit\u00e9 et prix compatible avec votre projet?\t\t\t\t<\/div>\n\t\t\t\t<div class=\"banner__buttons\">\n\t\t\t\t\t<a class=\"btn  btn-primary\" href=\"http:\/\/mdtform.pt\/fr\/contacts\/\" target=\"_self\">CONTACTEZ-NOUS<\/a>   <a class=\"btn  btn-default\" href=\"http:\/\/mdtform.pt\/fr\/portfolio\/\" target=\"_self\">PROJETS R\u00c9ALIS\u00c9S<\/a>\t\t\t\t<\/div>\n\t\t\t<\/div><\/div><\/div><\/div><div id=\"pg-2426-1\"  class=\"panel-grid panel-has-style\" ><div class=\"siteorigin-panels-stretch panel-row-style panel-row-style-for-2426-1\" data-stretch-type=\"full\" ><div id=\"pgc-2426-1-0\"  class=\"panel-grid-cell\" ><div id=\"panel-2426-1-0-0\" class=\"so-panel widget widget_ess-grid-widget widget_ess_grid panel-first-child panel-last-child\" data-index=\"1\" ><\/div><\/div><\/div><\/div><div id=\"pg-2426-2\"  class=\"panel-grid panel-no-style\" ><div id=\"pgc-2426-2-0\"  class=\"panel-grid-cell\" ><div id=\"panel-2426-2-0-0\" class=\"so-panel widget widget_text panel-first-child\" data-index=\"2\" >\t\t\t<div class=\"textwidget\"><\/div>\n\t\t<\/div><div id=\"panel-2426-2-0-1\" class=\"so-panel widget widget_black-studio-tinymce widget_black_studio_tinymce panel-last-child\" data-index=\"3\" ><h3 class=\"widget-title\">Qui sommes-nous?<\/h3><div class=\"textwidget\"><p><img loading=\"lazy\" decoding=\"async\" src=\"http:\/\/mdtform.pt\/wp-content\/uploads\/2014\/10\/P13A8762-w-1024x684.jpg\" alt=\"P13A8762-w\" width=\"1024\" height=\"684\" class=\"alignleft size-large wp-image-2368\" srcset=\"https:\/\/mdtform.pt\/wp-content\/uploads\/2014\/10\/P13A8762-w-1024x684.jpg 1024w, https:\/\/mdtform.pt\/wp-content\/uploads\/2014\/10\/P13A8762-w-300x200.jpg 300w, https:\/\/mdtform.pt\/wp-content\/uploads\/2014\/10\/P13A8762-w-360x240.jpg 360w, https:\/\/mdtform.pt\/wp-content\/uploads\/2014\/10\/P13A8762-w-555x371.jpg 555w, https:\/\/mdtform.pt\/wp-content\/uploads\/2014\/10\/P13A8762-w-272x182.jpg 272w, https:\/\/mdtform.pt\/wp-content\/uploads\/2014\/10\/P13A8762-w.jpg 2000w\" sizes=\"auto, (max-width: 1024px) 100vw, 1024px\" \/><\/p>\n<\/div><\/div><\/div><div id=\"pgc-2426-2-1\"  class=\"panel-grid-cell\" ><div id=\"panel-2426-2-1-0\" class=\"so-panel widget widget_text panel-first-child\" data-index=\"4\" >\t\t\t<div class=\"textwidget\"><\/div>\n\t\t<\/div><div id=\"panel-2426-2-1-1\" class=\"so-panel widget widget_text\" data-index=\"5\" >\t\t\t<div class=\"textwidget\"><\/div>\n\t\t<\/div><div id=\"panel-2426-2-1-2\" class=\"so-panel widget widget_text\" data-index=\"6\" >\t\t\t<div class=\"textwidget\"><\/div>\n\t\t<\/div><div id=\"panel-2426-2-1-3\" class=\"so-panel widget widget_black-studio-tinymce widget_black_studio_tinymce panel-last-child\" data-index=\"7\" ><div class=\"textwidget\"><p style=\"text-align: justify\">MDTFORM est n\u00e9e suite \u00e0 la r\u00e9organisation de la soci\u00e9t\u00e9 m\u00e8re MOLDATA Lda, laquelle syst\u00e9matise les diverses activit\u00e9s par secteurs\/soci\u00e9t\u00e9s sp\u00e9cialis\u00e9es afin de mieux r\u00e9pondre aux exigences du march\u00e9.<\/p>\n<p style=\"text-align: justify\">MDTFORM met en \u00e9vidence la qualit\u00e9 de tous ses processus, reconnaissant celle-ci comme un outil fondamental pour conqu\u00e9rir la confiance et la pr\u00e9f\u00e9rence de ses clients. Ainsi, en 2016, elle a mis en \u0153uvre la Certification de Gestion de la Qualit\u00e9 via la norme ISO 9001: 2015.<\/p>\n<p><a class=\"btn  btn-primary\" href=\"http:\/\/mdtform.pt\/fr\/mdtform\/\" target=\"_self\">Savoir Plus<\/a><\/p>\n<\/div><\/div><\/div><div id=\"pgc-2426-2-2\"  class=\"panel-grid-cell\" ><div id=\"panel-2426-2-2-0\" class=\"so-panel widget widget_text panel-first-child\" data-index=\"8\" >\t\t\t<div class=\"textwidget\"><\/div>\n\t\t<\/div>\n\t\t<div id=\"panel-2426-2-2-1\" class=\"so-panel widget widget_recent-posts widget_recent_entries panel-last-child\" data-index=\"9\" >\n\t\t<h3 class=\"widget-title\">Derni\u00e8res Nouvelles<\/h3>\n\t\t<ul>\n\t\t\t\t\t\t\t\t\t\t\t<li>\n\t\t\t\t\t<a href=\"https:\/\/mdtform.pt\/fr\/moulding-expo-2019\/\">Moulding Expo 2019<\/a>\n\t\t\t\t\t\t\t\t\t<\/li>\n\t\t\t\t\t\t\t\t\t\t\t<li>\n\t\t\t\t\t<a href=\"https:\/\/mdtform.pt\/fr\/mdtform-na-midest-lyon-2019\/\">MDTFORM au Midest Lyon 2019<\/a>\n\t\t\t\t\t\t\t\t\t<\/li>\n\t\t\t\t\t\t\t\t\t\t\t<li>\n\t\t\t\t\t<a href=\"https:\/\/mdtform.pt\/fr\/mdtform-na-midest-2018\/\">MDTFORM au Midest 2018<\/a>\n\t\t\t\t\t\t\t\t\t<\/li>\n\t\t\t\t\t\t\t\t\t\t\t<li>\n\t\t\t\t\t<a href=\"https:\/\/mdtform.pt\/fr\/mdtform-com-certificacao-da-qualidade-pela-norma-iso-90012015\/\">MDTFORM avec certification de qualit\u00e9 par ISO 9001: 2015<\/a>\n\t\t\t\t\t\t\t\t\t<\/li>\n\t\t\t\t\t\t\t\t\t\t\t<li>\n\t\t\t\t\t<a href=\"https:\/\/mdtform.pt\/fr\/mdtform-na-fakuma-2017\/\">MDTFORM AU FAKUMA 2017<\/a>\n\t\t\t\t\t\t\t\t\t<\/li>\n\t\t\t\t\t\t\t\t\t\t\t<li>\n\t\t\t\t\t<a href=\"https:\/\/mdtform.pt\/fr\/iso-90012015\/\">ISO 9001:2015<\/a>\n\t\t\t\t\t\t\t\t\t<\/li>\n\t\t\t\t\t\t\t\t\t\t\t<li>\n\t\t\t\t\t<a href=\"https:\/\/mdtform.pt\/fr\/mdtform-na-fakuma\/\">MDTFORM au FAKUMA 2015<\/a>\n\t\t\t\t\t\t\t\t\t<\/li>\n\t\t\t\t\t\t\t\t\t\t\t<li>\n\t\t\t\t\t<a href=\"https:\/\/mdtform.pt\/fr\/salon-fakuma-2015\/\">Salon FAKUMA 2015<\/a>\n\t\t\t\t\t\t\t\t\t<\/li>\n\t\t\t\t\t<\/ul>\n\n\t\t<\/div><\/div><\/div><div id=\"pg-2426-3\"  class=\"panel-grid panel-has-style\" ><div class=\"siteorigin-panels-stretch panel-row-style panel-row-style-for-2426-3\" data-stretch-type=\"full\" ><div id=\"pgc-2426-3-0\"  class=\"panel-grid-cell\" ><div id=\"panel-2426-3-0-0\" class=\"so-panel widget widget_text panel-first-child panel-last-child\" data-index=\"10\" >\t\t\t<div class=\"textwidget\"><div class=\"motivational-text\">MDTFORM dispose des capacit\u00e9s techniques et productives qui permettent le d\u00e9veloppement et la fabrication de moules jusqu\u2019\u00e0 35 tonnes, avec des niveaux \u00e9lev\u00e9s de complexit\u00e9.<\/div><\/div>\n\t\t<\/div><\/div><\/div><\/div><\/div>","protected":false},"excerpt":{"rendered":"<p>Vous cherchez un fabricant qui vous garantisse rapidit\u00e9 et prix compatible avec votre projet? CONTACTEZ-NOUS PROJETS R\u00c9ALIS\u00c9S Qui sommes-nous? MDTFORM est n\u00e9e suite \u00e0 la r\u00e9organisation de la soci\u00e9t\u00e9 m\u00e8re MOLDATA Lda, laquelle syst\u00e9matise les diverses activit\u00e9s par secteurs\/soci\u00e9t\u00e9s sp\u00e9cialis\u00e9es afin de mieux r\u00e9pondre aux exigences du march\u00e9. MDTFORM met en \u00e9vidence la qualit\u00e9 de &hellip;<\/p>\n","protected":false},"author":1,"featured_media":0,"parent":0,"menu_order":1,"comment_status":"closed","ping_status":"closed","template":"template-front-page-slider.php","meta":{"_acf_changed":false,"footnotes":""},"class_list":["post-2426","page","type-page","status-publish","hentry"],"acf":[],"aioseo_notices":[],"_links":{"self":[{"href":"https:\/\/mdtform.pt\/fr\/wp-json\/wp\/v2\/pages\/2426","targetHints":{"allow":["GET"]}}],"collection":[{"href":"https:\/\/mdtform.pt\/fr\/wp-json\/wp\/v2\/pages"}],"about":[{"href":"https:\/\/mdtform.pt\/fr\/wp-json\/wp\/v2\/types\/page"}],"author":[{"embeddable":true,"href":"https:\/\/mdtform.pt\/fr\/wp-json\/wp\/v2\/users\/1"}],"replies":[{"embeddable":true,"href":"https:\/\/mdtform.pt\/fr\/wp-json\/wp\/v2\/comments?post=2426"}],"version-history":[{"count":10,"href":"https:\/\/mdtform.pt\/fr\/wp-json\/wp\/v2\/pages\/2426\/revisions"}],"predecessor-version":[{"id":3316,"href":"https:\/\/mdtform.pt\/fr\/wp-json\/wp\/v2\/pages\/2426\/revisions\/3316"}],"wp:attachment":[{"href":"https:\/\/mdtform.pt\/fr\/wp-json\/wp\/v2\/media?parent=2426"}],"curies":[{"name":"wp","href":"https:\/\/api.w.org\/{rel}","templated":true}]}}