{"id":2461,"date":"2015-08-05T16:11:14","date_gmt":"2015-08-05T16:11:14","guid":{"rendered":"http:\/\/mdtform.pt\/es\/mdtform\/processos-2\/"},"modified":"2016-01-21T11:33:59","modified_gmt":"2016-01-21T11:33:59","slug":"procesos","status":"publish","type":"page","link":"https:\/\/mdtform.pt\/es\/mdtform\/procesos\/","title":{"rendered":"Procesos"},"content":{"rendered":"<div id=\"pl-2461\"  class=\"panel-layout\" ><div id=\"pg-2461-0\"  class=\"panel-grid panel-no-style\" ><div id=\"pgc-2461-0-0\"  class=\"panel-grid-cell\" ><div id=\"panel-2461-0-0-0\" class=\"so-panel widget widget_black-studio-tinymce widget_black_studio_tinymce panel-first-child\" data-index=\"0\" ><div class=\"textwidget\"><h3 style=\"text-align: justify;\"><i class=\"fa fa-paper-plane-o\"><\/i> PLANIFICACI\u00d3N<\/h3>\n<p style=\"text-align: justify;\">La planificaci\u00f3n detallada, as\u00ed como la capacidad de adaptaci\u00f3n y flexibilidad, permiten una mayor eficiencia en la ejecuci\u00f3n de las diferentes fases del proceso productivo.<\/p>\n<\/div><\/div><div id=\"panel-2461-0-0-1\" class=\"so-panel widget widget_black-studio-tinymce widget_black_studio_tinymce\" data-index=\"1\" ><div class=\"textwidget\"><h3 style=\"text-align: justify;\"><i class=\"fa fa-calculator\"><\/i> INGENIER\u00cdA<\/h3>\n<p style=\"text-align: justify;\">Los t\u00e9cnicos experimentados apoyados en modernos sistemas CAD-CAM, desarrollan las\u00a0 soluciones t\u00e9cnicas para las necesidades m\u00e1s complejas.<\/p>\n<\/div><\/div><div id=\"panel-2461-0-0-2\" class=\"so-panel widget widget_black-studio-tinymce widget_black_studio_tinymce\" data-index=\"2\" ><div class=\"textwidget\"><h3 style=\"text-align: justify;\"><i class=\"fa fa-cog\"><\/i> PRODUCCI\u00d3N<\/h3>\n<p>La experiencia de los 70 t\u00e9cnicos cualificados organizados en 3 turnos rotativos, aliada a los modernos equipos y herramientas, garantiza plazos de entrega reducidos y precios competitivos.<\/p>\n<p style=\"text-align: justify;\">Integrada en uno de los sectores especializados, ocupando un \u00e1rea de 2500 m2, MDTFORM a\u00f1ade valor, ofreciendo calidad y excelencia en todo el proceso productivo. La inversi\u00f3n continua en formaci\u00f3n y tecnolog\u00eda permite la distinci\u00f3n y el reconocimiento en el sector. <\/p>\n<\/div><\/div><div id=\"panel-2461-0-0-3\" class=\"so-panel widget widget_black-studio-tinymce widget_black_studio_tinymce\" data-index=\"3\" ><div class=\"textwidget\"><h3 style=\"text-align: justify;\"><i class=\"fa fa-check-square-o\"><\/i> PRUEBAS<\/h3>\n<p style=\"text-align: justify;\">MDTFORM realiza, en socios especializados, las pruebas y respectivas producciones, de modo a garantizar que corresponden a las exigencias del cliente y superan sus expectativas.<\/p>\n<\/div><\/div><div id=\"panel-2461-0-0-4\" class=\"so-panel widget widget_black-studio-tinymce widget_black_studio_tinymce\" data-index=\"4\" ><div class=\"textwidget\"><h3 style=\"text-align: justify;\"><i class=\"fa fa-trophy\"><\/i> CONTROL Y CALIDAD<\/h3>\n<p>La satisfacci\u00f3n de los clientes es una preocupaci\u00f3n constante de MDTFORM. Por eso, a todo el proceso de producci\u00f3n se a\u00f1ade el acompa\u00f1amiento y control por t\u00e9cnicos cualificados y experimentados que ejecutan sus tareas con el objetivo de alcanzar elevados niveles de calidad. MDTFORM dispone de un sistema de control tridimensional, suministrando el an\u00e1lisis y un informe dimensional completo.<\/p>\n<p style=\"text-align: justify;\">MDTFORM pone el \u00e9nfasis en la calidad de todo el proceso, reconoci\u00e9ndola como una herramienta fundamental para conquistar la confianza y la preferencia de sus clientes. As\u00ed se empez\u00f3 el proceso de Certificaci\u00f3n\u00a0 de Gesti\u00f3n de la Calidad a trav\u00e9s de la implementaci\u00f3n de la norma ISO 9001:2015.<\/p>\n<\/div><\/div><div id=\"panel-2461-0-0-5\" class=\"so-panel widget widget_black-studio-tinymce widget_black_studio_tinymce\" data-index=\"5\" ><div class=\"textwidget\"><h3 style=\"text-align: justify;\"><i class=\"fa fa-laptop\"><\/i> TECNOLOG\u00cdA KNOW-HOW<\/h3>\n<p>MDTFORM est\u00e1 dotada de capacidades t\u00e9cnicas y productivas que permiten el desarrollo y la fabricaci\u00f3n de moldes hasta las 35 t, y con elevados niveles de complejidad, tales como moldes s\u00e1ndwich, moldes bimateriales (2K), moldes asistidos por gas (GID) y moldes de fundici\u00f3n inyectada, entre otros.<\/p>\n<\/div><\/div><div id=\"panel-2461-0-0-6\" class=\"so-panel widget widget_black-studio-tinymce widget_black_studio_tinymce panel-last-child\" data-index=\"6\" ><div class=\"textwidget\"><h3 style=\"text-align: justify;\"><i class=\"fa fa-graduation-cap\"><\/i> FORMACI\u00d3N<\/h3>\n<p style=\"text-align: justify;\">Socia de entidades como el CENFIM de Marinha Grande y el Instituto Polit\u00e9cnico de Leiria, entre otras, MDTFORM apuesta en la formaci\u00f3n, cualificaci\u00f3n y desarrollo de sus t\u00e9cnicos con el fin de aumentar la productividad y el desempe\u00f1o de los mismos.<\/p>\n<\/div><\/div><\/div><\/div><div id=\"pg-2461-1\"  class=\"panel-grid panel-no-style\" ><div id=\"pgc-2461-1-0\"  class=\"panel-grid-cell\" ><div id=\"panel-2461-1-0-0\" class=\"so-panel widget panel-first-child panel-last-child\" data-index=\"7\" ><\/div><\/div><div id=\"pgc-2461-1-1\"  class=\"panel-grid-cell\" ><div id=\"panel-2461-1-1-0\" class=\"so-panel widget panel-first-child panel-last-child\" data-index=\"8\" ><\/div><\/div><div id=\"pgc-2461-1-2\"  class=\"panel-grid-cell\" ><div id=\"panel-2461-1-2-0\" class=\"so-panel widget panel-first-child panel-last-child\" data-index=\"9\" ><\/div><\/div><div id=\"pgc-2461-1-3\"  class=\"panel-grid-cell\" ><div id=\"panel-2461-1-3-0\" class=\"so-panel widget panel-first-child panel-last-child\" data-index=\"10\" ><\/div><\/div><\/div><\/div>","protected":false},"excerpt":{"rendered":"<p>PLANIFICACI\u00d3NLa planificaci\u00f3n detallada, as\u00ed como la capacidad de adaptaci\u00f3n y flexibilidad, permiten una mayor eficiencia en la ejecuci\u00f3n de las diferentes fases del proceso productivo. INGENIER\u00cdALos t\u00e9cnicos experimentados apoyados en modernos sistemas CAD-CAM, desarrollan las\u00a0 soluciones t\u00e9cnicas para las necesidades m\u00e1s complejas. PRODUCCI\u00d3NLa experiencia de los 70 t\u00e9cnicos cualificados organizados en 3 turnos rotativos, aliada &hellip;<\/p>\n","protected":false},"author":1,"featured_media":0,"parent":2446,"menu_order":1,"comment_status":"closed","ping_status":"closed","template":"","meta":{"_acf_changed":false,"footnotes":""},"class_list":["post-2461","page","type-page","status-publish","hentry"],"acf":[],"aioseo_notices":[],"_links":{"self":[{"href":"https:\/\/mdtform.pt\/es\/wp-json\/wp\/v2\/pages\/2461","targetHints":{"allow":["GET"]}}],"collection":[{"href":"https:\/\/mdtform.pt\/es\/wp-json\/wp\/v2\/pages"}],"about":[{"href":"https:\/\/mdtform.pt\/es\/wp-json\/wp\/v2\/types\/page"}],"author":[{"embeddable":true,"href":"https:\/\/mdtform.pt\/es\/wp-json\/wp\/v2\/users\/1"}],"replies":[{"embeddable":true,"href":"https:\/\/mdtform.pt\/es\/wp-json\/wp\/v2\/comments?post=2461"}],"version-history":[{"count":4,"href":"https:\/\/mdtform.pt\/es\/wp-json\/wp\/v2\/pages\/2461\/revisions"}],"predecessor-version":[{"id":2694,"href":"https:\/\/mdtform.pt\/es\/wp-json\/wp\/v2\/pages\/2461\/revisions\/2694"}],"up":[{"embeddable":true,"href":"https:\/\/mdtform.pt\/es\/wp-json\/wp\/v2\/pages\/2446"}],"wp:attachment":[{"href":"https:\/\/mdtform.pt\/es\/wp-json\/wp\/v2\/media?parent=2461"}],"curies":[{"name":"wp","href":"https:\/\/api.w.org\/{rel}","templated":true}]}}