{"id":2446,"date":"2014-10-24T11:30:58","date_gmt":"2014-10-24T11:30:58","guid":{"rendered":"http:\/\/mdtform.pt\/es\/mdtform\/"},"modified":"2021-02-17T08:54:05","modified_gmt":"2021-02-17T08:54:05","slug":"mdtform","status":"publish","type":"page","link":"https:\/\/mdtform.pt\/es\/mdtform\/","title":{"rendered":"MDTForm"},"content":{"rendered":"<div id=\"pl-2446\"  class=\"panel-layout\" ><div id=\"pg-2446-0\"  class=\"panel-grid panel-no-style\" ><div id=\"pgc-2446-0-0\"  class=\"panel-grid-cell\" ><div id=\"panel-2446-0-0-0\" class=\"so-panel widget widget_black-studio-tinymce widget_black_studio_tinymce panel-first-child panel-last-child\" data-index=\"0\" ><h3 class=\"widget-title\">Qui\u00e9nes somos<\/h3><div class=\"textwidget\"><p style=\"text-align: justify\">MDTFORM surge en el seguimiento de la reorganizaci\u00f3n de la da empresa matriz MOLDATA Lda, en la cual sistematiza las diversas actividades en sectores\/empresas especializadas para mejor satisfacer las necesidades del mercado.<\/p>\n<p style=\"text-align: justify\">Con esta reorganizaci\u00f3n, MDTFORM pas\u00f3 a contar con una estructura propia e independiente aliada a un equipo con m\u00e1s de 20 de experiencia, especializado en el estudio, desarrollo t\u00e9cnico y fabricaci\u00f3n de moldes para inyecci\u00f3n.<\/p>\n<\/div><\/div><\/div><\/div><div id=\"pg-2446-1\"  class=\"panel-grid panel-no-style\" ><div id=\"pgc-2446-1-0\"  class=\"panel-grid-cell\" ><div id=\"panel-2446-1-0-0\" class=\"so-panel widget widget_black-studio-tinymce widget_black_studio_tinymce panel-first-child\" data-index=\"1\" ><h3 class=\"widget-title\">Misi\u00f3n<\/h3><div class=\"textwidget\"><p style=\"text-align: justify;\">MDTFORM tiene como misi\u00f3n la fabricaci\u00f3n de moldes para inyecci\u00f3n de pl\u00e1stico y fundici\u00f3n inyectada de gran calidad a precios competitivos en plazos cortos. Con un abordaje proactivo, intenta anticipar las exigencias del mercado de modo a desarrollar soluciones que superen las expectativas de sus clientes.<\/p>\n<\/div><\/div><div id=\"panel-2446-1-0-1\" class=\"so-panel widget widget_black-studio-tinymce widget_black_studio_tinymce panel-last-child\" data-index=\"2\" ><h3 class=\"widget-title\">Visi\u00f3n<\/h3><div class=\"textwidget\"><p style=\"text-align: justify;\">MDTFORM visa ser un fabricante de referencia en la industria de moldes, siendo conocida y reconocida por la calidad de sus productos y por la valorizaci\u00f3n de las relaciones con sus clientes, posicion\u00e1ndose como socio a largo plazo.<\/p>\n<\/div><\/div><\/div><div id=\"pgc-2446-1-1\"  class=\"panel-grid-cell\" ><div id=\"panel-2446-1-1-0\" class=\"so-panel widget panel-first-child panel-last-child\" data-index=\"3\" ><\/div><\/div><\/div><div id=\"pg-2446-2\"  class=\"panel-grid panel-no-style\" ><div id=\"pgc-2446-2-0\"  class=\"panel-grid-cell\" ><div id=\"panel-2446-2-0-0\" class=\"so-panel widget widget_black-studio-tinymce widget_black_studio_tinymce panel-first-child\" data-index=\"4\" ><h3 class=\"widget-title\">Pol\u00edtica de calidad<\/h3><div class=\"textwidget\"><p>En el dise\u00f1o, desarrollo y fabricaci\u00f3n de moldes met\u00e1licos de piezas t\u00e9cnicas para la industria de pl\u00e1sticos y fundici\u00f3n inyectada, MDTForm busca ampliar su \u00e1rea de especializaci\u00f3n y conocimiento interno en la posici\u00f3n de socio estrat\u00e9gico.<\/p>\n<p>Organizaci\u00f3n se compromete con el desarrollo de soluciones innovadoras a la medida de las necesidades y expectativas de los clientes, mediante el desarrollo de habilidades y el establecimiento de compromisos.<\/p>\n<p>&nbsp;<\/p>\n<p>MDTForm pretende ser reconocida como:<\/p>\n<p><strong>Emprendedora<\/strong> en la diversidad de sus productos y servicios buscando desarrollar nuevas soluciones con la aplicaci\u00f3n de nuevas tecnolog\u00edas.<\/p>\n<p>MDTForm, como forma de minimizar riesgos y subsanar algunas carencias , favorece el intercambio de conocimientos internos y la observaci\u00f3n externa, con la realizaci\u00f3n de alianzas y de vigilancia;<\/p>\n<hr \/>\n<p><strong>Verdad<\/strong> en el seguimiento de las necesidades y expectativas de los Clientes (calidad del producto) creando con ellos un clima de confianza garantizado el cumplimiento de las obligaciones legales y estatutarias de cumplimiento<\/p>\n<hr \/>\n<p><strong>Activa<\/strong> en la mejora continua del sistema de gesti\u00f3n de la calidad, la gesti\u00f3n ambiental y el desempe\u00f1o de salud y seguridad en el trabajo, as\u00ed como en la b\u00fasqueda constante de nuevas \u00e1reas de negocio y el desarrollo de nuevas soluciones, creando un clima de confianza y asociaci\u00f3n que son fundamentales para permanecer en el mercado;<\/p>\n<hr \/>\n<p><strong>Flexible <\/strong>a las necesidades y expectativas de los clientes<\/p>\n<hr \/>\n<p><strong>Diferente<\/strong> en la implementaci\u00f3n de m\u00e9todos de trabajo siempre enfocados en el trabajo en equipo y ayuda mutua en el intercambio de informaci\u00f3n;<\/p>\n<hr \/>\n<p><strong>Cumplidora<\/strong> con sus colaboradores\u00a0del necesario refuerzo de sus habilidades y la promoci\u00f3n de la motivaci\u00f3n, el bienestar general y el esp\u00edritu de equipo;<\/p>\n<hr \/>\n<p>&nbsp;<\/p>\n<p>Creemos que el establecimiento de estos principios permite a MDTForm obtener una mayor credibilidad, lo que conduce a incrementar el volumen de negocio, incrementar nuevos mercados y nuevos clientes, garantizando el futuro y la estabilidad de la empresa y de todos los que dependen de ella.<\/p>\n<p style=\"text-align: right\"><em>abril de 2020<\/em><\/p>\n<\/div><\/div><div id=\"panel-2446-2-0-1\" class=\"so-panel widget widget_black-studio-tinymce widget_black_studio_tinymce panel-last-child\" data-index=\"5\" ><h3 class=\"widget-title\">Certificad<\/h3><div class=\"textwidget\"><ul>\n<li style=\"text-align: justify\">NP EN ISO 9001: 2015, para garantizar la eficacia del Sistema de Gesti\u00f3n de Calidad<\/li>\n<\/ul>\n<p><img loading=\"lazy\" decoding=\"async\" class=\"aligncenter wp-image-3351 size-medium\" src=\"https:\/\/mdtform.pt\/wp-content\/uploads\/2021\/02\/Certificado-ISO9001_EN-220x300.jpg\" alt=\"\" width=\"220\" height=\"300\" srcset=\"https:\/\/mdtform.pt\/wp-content\/uploads\/2021\/02\/Certificado-ISO9001_EN-220x300.jpg 220w, https:\/\/mdtform.pt\/wp-content\/uploads\/2021\/02\/Certificado-ISO9001_EN-753x1024.jpg 753w, https:\/\/mdtform.pt\/wp-content\/uploads\/2021\/02\/Certificado-ISO9001_EN-768x1045.jpg 768w, https:\/\/mdtform.pt\/wp-content\/uploads\/2021\/02\/Certificado-ISO9001_EN-1129x1536.jpg 1129w, https:\/\/mdtform.pt\/wp-content\/uploads\/2021\/02\/Certificado-ISO9001_EN-408x555.jpg 408w, https:\/\/mdtform.pt\/wp-content\/uploads\/2021\/02\/Certificado-ISO9001_EN.jpg 1505w\" sizes=\"auto, (max-width: 220px) 100vw, 220px\" \/><\/p>\n<\/div><\/div><\/div><\/div><\/div>","protected":false},"excerpt":{"rendered":"<p>MDTFORM surge en el seguimiento de la reorganizaci\u00f3n de la da empresa matriz MOLDATA Lda, en la cual sistematiza las diversas actividades en sectores\/empresas especializadas para mejor satisfacer las necesidades del mercado. Con esta reorganizaci\u00f3n, MDTFORM pas\u00f3 a contar con una estructura propia e independiente aliada a un equipo con m\u00e1s de 20 de experiencia, &hellip;<\/p>\n","protected":false},"author":1,"featured_media":0,"parent":0,"menu_order":2,"comment_status":"closed","ping_status":"closed","template":"","meta":{"_acf_changed":false,"footnotes":""},"class_list":["post-2446","page","type-page","status-publish","hentry"],"acf":[],"aioseo_notices":[],"_links":{"self":[{"href":"https:\/\/mdtform.pt\/es\/wp-json\/wp\/v2\/pages\/2446","targetHints":{"allow":["GET"]}}],"collection":[{"href":"https:\/\/mdtform.pt\/es\/wp-json\/wp\/v2\/pages"}],"about":[{"href":"https:\/\/mdtform.pt\/es\/wp-json\/wp\/v2\/types\/page"}],"author":[{"embeddable":true,"href":"https:\/\/mdtform.pt\/es\/wp-json\/wp\/v2\/users\/1"}],"replies":[{"embeddable":true,"href":"https:\/\/mdtform.pt\/es\/wp-json\/wp\/v2\/comments?post=2446"}],"version-history":[{"count":14,"href":"https:\/\/mdtform.pt\/es\/wp-json\/wp\/v2\/pages\/2446\/revisions"}],"predecessor-version":[{"id":3360,"href":"https:\/\/mdtform.pt\/es\/wp-json\/wp\/v2\/pages\/2446\/revisions\/3360"}],"wp:attachment":[{"href":"https:\/\/mdtform.pt\/es\/wp-json\/wp\/v2\/media?parent=2446"}],"curies":[{"name":"wp","href":"https:\/\/api.w.org\/{rel}","templated":true}]}}