{"id":2428,"date":"2014-10-15T12:59:47","date_gmt":"2014-10-15T12:59:47","guid":{"rendered":"http:\/\/mdtform.pt\/es\/front-page\/"},"modified":"2016-01-21T11:15:53","modified_gmt":"2016-01-21T11:15:53","slug":"front-page","status":"publish","type":"page","link":"https:\/\/mdtform.pt\/es\/","title":{"rendered":"Front Page"},"content":{"rendered":"<div id=\"pl-2428\"  class=\"panel-layout\" ><div id=\"pg-2428-0\"  class=\"panel-grid panel-has-style\" ><div class=\"siteorigin-panels-stretch panel-row-style panel-row-style-for-2428-0\" data-stretch-type=\"full\" ><div id=\"pgc-2428-0-0\"  class=\"panel-grid-cell\" ><div id=\"panel-2428-0-0-0\" class=\"so-panel widget widget_pt_banner widget-banner panel-first-child panel-last-child\" data-index=\"0\" >\t\t\t\t<div class=\"banner__text\">\n\t\t\t\t\t\u00bfBusca un fabricante que le garantice rapidez y precio compatible con su proyecto?\t\t\t\t<\/div>\n\t\t\t\t<div class=\"banner__buttons\">\n\t\t\t\t\t<a class=\"btn  btn-primary\" href=\"http:\/\/mdtform.pt\/es\/contactos\/\" target=\"_self\">CONT\u00c1CTENOS<\/a>   <a class=\"btn  btn-default\" href=\"http:\/\/mdtform.pt\/es\/portfolio\/\" target=\"_self\">TRABAJOS REALIZADOS<\/a>\t\t\t\t<\/div>\n\t\t\t<\/div><\/div><\/div><\/div><div id=\"pg-2428-1\"  class=\"panel-grid panel-has-style\" ><div class=\"siteorigin-panels-stretch panel-row-style panel-row-style-for-2428-1\" data-stretch-type=\"full\" ><div id=\"pgc-2428-1-0\"  class=\"panel-grid-cell\" ><div id=\"panel-2428-1-0-0\" class=\"so-panel widget widget_ess-grid-widget widget_ess_grid panel-first-child panel-last-child\" data-index=\"1\" ><\/div><\/div><\/div><\/div><div id=\"pg-2428-2\"  class=\"panel-grid panel-no-style\" ><div id=\"pgc-2428-2-0\"  class=\"panel-grid-cell\" ><div id=\"panel-2428-2-0-0\" class=\"so-panel widget widget_text panel-first-child\" data-index=\"2\" >\t\t\t<div class=\"textwidget\"><\/div>\n\t\t<\/div><div id=\"panel-2428-2-0-1\" class=\"so-panel widget widget_black-studio-tinymce widget_black_studio_tinymce panel-last-child\" data-index=\"3\" ><h3 class=\"widget-title\">\u00bfQui\u00e9nes somos?<\/h3><div class=\"textwidget\"><p><img loading=\"lazy\" decoding=\"async\" src=\"http:\/\/mdtform.pt\/wp-content\/uploads\/2014\/10\/P13A8762-w-1024x684.jpg\" alt=\"P13A8762-w\" width=\"1024\" height=\"684\" class=\"alignleft size-large wp-image-2368\" srcset=\"https:\/\/mdtform.pt\/wp-content\/uploads\/2014\/10\/P13A8762-w-1024x684.jpg 1024w, https:\/\/mdtform.pt\/wp-content\/uploads\/2014\/10\/P13A8762-w-300x200.jpg 300w, https:\/\/mdtform.pt\/wp-content\/uploads\/2014\/10\/P13A8762-w-360x240.jpg 360w, https:\/\/mdtform.pt\/wp-content\/uploads\/2014\/10\/P13A8762-w-555x371.jpg 555w, https:\/\/mdtform.pt\/wp-content\/uploads\/2014\/10\/P13A8762-w-272x182.jpg 272w, https:\/\/mdtform.pt\/wp-content\/uploads\/2014\/10\/P13A8762-w.jpg 2000w\" sizes=\"auto, (max-width: 1024px) 100vw, 1024px\" \/><\/p>\n<\/div><\/div><\/div><div id=\"pgc-2428-2-1\"  class=\"panel-grid-cell\" ><div id=\"panel-2428-2-1-0\" class=\"so-panel widget widget_text panel-first-child\" data-index=\"4\" >\t\t\t<div class=\"textwidget\"><\/div>\n\t\t<\/div><div id=\"panel-2428-2-1-1\" class=\"so-panel widget widget_text\" data-index=\"5\" >\t\t\t<div class=\"textwidget\"><\/div>\n\t\t<\/div><div id=\"panel-2428-2-1-2\" class=\"so-panel widget widget_text\" data-index=\"6\" >\t\t\t<div class=\"textwidget\"><\/div>\n\t\t<\/div><div id=\"panel-2428-2-1-3\" class=\"so-panel widget widget_black-studio-tinymce widget_black_studio_tinymce panel-last-child\" data-index=\"7\" ><div class=\"textwidget\"><p style=\"text-align: justify;\">MDTFORM surge en el seguimiento de la reorganizaci\u00f3n de la da empresa matriz MOLDATA Lda, en la cual sistematiza las diversas actividades en sectores\/empresas especializadas para mejor satisfacer las necesidades del mercado.<\/p>\n<p style=\"text-align: justify;\">MDTFORM pone el \u00e9nfasis en la calidad de todo el proceso, reconoci\u00e9ndola como una herramienta fundamental para conquistar la confianza y la preferencia de sus clientes. As\u00ed se empez\u00f3 el proceso de Certificaci\u00f3n\u00a0 de Gesti\u00f3n de la Calidad a trav\u00e9s de la implementaci\u00f3n de la norma ISO 9001:2015.<\/p>\n<p><a class=\"btn  btn-primary\" href=\"http:\/\/mdtform.pt\/es\/mdtform\/\" target=\"_self\">Lee mas<\/a><\/p>\n<\/div><\/div><\/div><div id=\"pgc-2428-2-2\"  class=\"panel-grid-cell\" ><div id=\"panel-2428-2-2-0\" class=\"so-panel widget widget_text panel-first-child\" data-index=\"8\" >\t\t\t<div class=\"textwidget\"><\/div>\n\t\t<\/div>\n\t\t<div id=\"panel-2428-2-2-1\" class=\"so-panel widget widget_recent-posts widget_recent_entries panel-last-child\" data-index=\"9\" >\n\t\t<h3 class=\"widget-title\">\u00daltimas Not\u00edcias<\/h3>\n\t\t<ul>\n\t\t\t\t\t\t\t\t\t\t\t<li>\n\t\t\t\t\t<a href=\"https:\/\/mdtform.pt\/es\/moulding-expo-2019\/\">Moulding Expo 2019<\/a>\n\t\t\t\t\t\t\t\t\t<\/li>\n\t\t\t\t\t\t\t\t\t\t\t<li>\n\t\t\t\t\t<a href=\"https:\/\/mdtform.pt\/es\/mdtform-na-midest-lyon-2019\/\">MDTFORM en Midest Lyon 2019<\/a>\n\t\t\t\t\t\t\t\t\t<\/li>\n\t\t\t\t\t\t\t\t\t\t\t<li>\n\t\t\t\t\t<a href=\"https:\/\/mdtform.pt\/es\/mdtform-na-midest-2018\/\">MDTFORM en Midest 2018<\/a>\n\t\t\t\t\t\t\t\t\t<\/li>\n\t\t\t\t\t\t\t\t\t\t\t<li>\n\t\t\t\t\t<a href=\"https:\/\/mdtform.pt\/es\/mdtform-com-certificacao-da-qualidade-pela-norma-iso-90012015\/\">MDTFORM con Certificaci\u00f3n de Calidad por la Norma ISO 9001: 2015.<\/a>\n\t\t\t\t\t\t\t\t\t<\/li>\n\t\t\t\t\t\t\t\t\t\t\t<li>\n\t\t\t\t\t<a href=\"https:\/\/mdtform.pt\/es\/iso-90012015\/\">ISO 9001:2015<\/a>\n\t\t\t\t\t\t\t\t\t<\/li>\n\t\t\t\t\t\t\t\t\t\t\t<li>\n\t\t\t\t\t<a href=\"https:\/\/mdtform.pt\/es\/mdtform-na-fakuma\/\">MDTFORM en FAKUMA 2015<\/a>\n\t\t\t\t\t\t\t\t\t<\/li>\n\t\t\t\t\t\t\t\t\t\t\t<li>\n\t\t\t\t\t<a href=\"https:\/\/mdtform.pt\/es\/fakuma-2015\/\">FAKUMA 2015<\/a>\n\t\t\t\t\t\t\t\t\t<\/li>\n\t\t\t\t\t<\/ul>\n\n\t\t<\/div><\/div><\/div><div id=\"pg-2428-3\"  class=\"panel-grid panel-has-style\" ><div class=\"siteorigin-panels-stretch panel-row-style panel-row-style-for-2428-3\" data-stretch-type=\"full\" ><div id=\"pgc-2428-3-0\"  class=\"panel-grid-cell\" ><div id=\"panel-2428-3-0-0\" class=\"so-panel widget widget_text panel-first-child panel-last-child\" data-index=\"10\" >\t\t\t<div class=\"textwidget\"><div class=\"motivational-text\">MDTFORM est\u00e1 dotada de capacidades t\u00e9cnicas y productivas que permiten el desarrollo y la fabricaci\u00f3n de moldes hasta las 35 t, y con elevados niveles de complejidad.<\/div><\/div>\n\t\t<\/div><\/div><\/div><\/div><\/div>","protected":false},"excerpt":{"rendered":"<p>\u00bfBusca un fabricante que le garantice rapidez y precio compatible con su proyecto? CONT\u00c1CTENOS TRABAJOS REALIZADOS \u00bfQui\u00e9nes somos? MDTFORM surge en el seguimiento de la reorganizaci\u00f3n de la da empresa matriz MOLDATA Lda, en la cual sistematiza las diversas actividades en sectores\/empresas especializadas para mejor satisfacer las necesidades del mercado. MDTFORM pone el \u00e9nfasis en &hellip;<\/p>\n","protected":false},"author":1,"featured_media":0,"parent":0,"menu_order":1,"comment_status":"closed","ping_status":"closed","template":"template-front-page-slider.php","meta":{"_acf_changed":false,"footnotes":""},"class_list":["post-2428","page","type-page","status-publish","hentry"],"acf":[],"aioseo_notices":[],"_links":{"self":[{"href":"https:\/\/mdtform.pt\/es\/wp-json\/wp\/v2\/pages\/2428","targetHints":{"allow":["GET"]}}],"collection":[{"href":"https:\/\/mdtform.pt\/es\/wp-json\/wp\/v2\/pages"}],"about":[{"href":"https:\/\/mdtform.pt\/es\/wp-json\/wp\/v2\/types\/page"}],"author":[{"embeddable":true,"href":"https:\/\/mdtform.pt\/es\/wp-json\/wp\/v2\/users\/1"}],"replies":[{"embeddable":true,"href":"https:\/\/mdtform.pt\/es\/wp-json\/wp\/v2\/comments?post=2428"}],"version-history":[{"count":7,"href":"https:\/\/mdtform.pt\/es\/wp-json\/wp\/v2\/pages\/2428\/revisions"}],"predecessor-version":[{"id":2655,"href":"https:\/\/mdtform.pt\/es\/wp-json\/wp\/v2\/pages\/2428\/revisions\/2655"}],"wp:attachment":[{"href":"https:\/\/mdtform.pt\/es\/wp-json\/wp\/v2\/media?parent=2428"}],"curies":[{"name":"wp","href":"https:\/\/api.w.org\/{rel}","templated":true}]}}