{"id":2473,"date":"2015-08-05T15:35:02","date_gmt":"2015-08-05T15:35:02","guid":{"rendered":"http:\/\/mdtform.pt\/de\/mdtform\/equipamentos\/"},"modified":"2015-10-14T11:17:14","modified_gmt":"2015-10-14T11:17:14","slug":"maschinenpark","status":"publish","type":"page","link":"https:\/\/mdtform.pt\/de\/mdtform\/maschinenpark\/","title":{"rendered":"Maschinenpark"},"content":{"rendered":"<div id=\"pl-2473\"  class=\"panel-layout\" ><div id=\"pg-2473-0\"  class=\"panel-grid panel-no-style\" ><div id=\"pgc-2473-0-0\"  class=\"panel-grid-cell\" ><div id=\"panel-2473-0-0-0\" class=\"so-panel widget widget_black-studio-tinymce widget_black_studio_tinymce panel-first-child\" data-index=\"0\" ><div class=\"textwidget\"><p>MDTFORM verf\u00fcgt \u00fcber einen Maschinenpark, der hohe technologische Leistungsniveaus erm\u00f6glicht. Diese Spitzentechnologie im Zusammenhang mit dem Know-how, erm\u00f6glicht eine h\u00f6here Effizienz bei den Produktionsvorg\u00e4ngen und bei der Qualit\u00e4t unserer Projekte.<\/p>\n<\/div><\/div><div id=\"panel-2473-0-0-1\" class=\"so-panel widget widget_black-studio-tinymce widget_black_studio_tinymce panel-last-child\" data-index=\"1\" ><h3 class=\"widget-title\">Konstruktion<\/h3><div class=\"textwidget\"><p>[table colalign=\"left|left\"]<br \/>\nAnzahl,<br \/>\n5,CAD CAM WorkNC - Anlage<br \/>\n3,CAD NX8 - Anlage<br \/>\n1,CAD Topmold - Anlage<br \/>\n[\/table]<\/p>\n<\/div><\/div><\/div><div id=\"pgc-2473-0-1\"  class=\"panel-grid-cell\" ><div id=\"panel-2473-0-1-0\" class=\"so-panel widget panel-first-child panel-last-child\" data-index=\"2\" ><\/div><\/div><\/div><div id=\"pg-2473-1\"  class=\"panel-grid panel-no-style\" ><div id=\"pgc-2473-1-0\"  class=\"panel-grid-cell\" ><div id=\"panel-2473-1-0-0\" class=\"so-panel widget widget_black-studio-tinymce widget_black_studio_tinymce panel-first-child panel-last-child\" data-index=\"3\" ><h3 class=\"widget-title\">Produktion<\/h3><div class=\"textwidget\"><p>[table colalign=\"left|left||left|right|right\"]<br \/>\nAnzahl,,Hersteller,Tischgr\u00f6sse,Max.Belastung<br \/>\n1,5-achsiges Hochgeschwindigkeits-Bearbeitungszentrum ,DMG,750x650x650,600 kg<br \/>\n1,5-achsiges Hochgeschwindigkeits-Bearbeitungszentrum,DMF,2500x1100x1000,4.000 kg<br \/>\n1,5-achsiges Hochgeschwindigkeits-Bearbeitungszentrum,SOLARUCE,2000x1000x1000,7.000 kg<br \/>\n2,Bearbeitungszentren,DMG,1050x550x500,600 kg<br \/>\n1,Erosion,ONA,1500x1000x1000,12.000 kg<br \/>\n1,Automatiziertes Elektroden-Produktionszentrum,DMG,\"700x400x400\t\",<br \/>\n3,Hochgeschwindigkeitssysteme f\u00fcr Microbearbeitung,-,60.000RPM + 40.000RPM,-<br \/>\n1,3 + 2-achsiges Bearbeitungszentrum,CORREA-ANAYAK,3000x1500x1500,12.000 kg<br \/>\n1,Horizontal\/Vertikal-Bearbeitungszentrum,ZAYER,4300x1200x1500,20.000 kg<br \/>\n1,3 + 2-achsiges Bearbeitungszentrum,CME,2000x1000x1000,5.000 kg<br \/>\n1,Bearbeitungszentrum,GENTIGER,3000x1600x1000,12.000 kg<br \/>\n1,Bearbeitungszentrum,HARTFORD,2000x1600x1100,5.000 kg<br \/>\n1,Bearbeitungszentrum,AWEA,2000x1200x900,5.000 kg<br \/>\n1,Bearbeitungszentrum,LEADWELL,1500x1000x700,2.500 kg<br \/>\n1,Bearbeitungszentrum,LEADWELL,1500x760x700,1.500 kg<br \/>\n1,Bearbeitungszentrum,HARTFORD,1100x600x500,1.000 kg<br \/>\n1,Tiefbohrmaschine,HETO,2000x1200x1600,12.000 kg<br \/>\n1,Tiefbohrmaschine,HETO,1200x1000x800,6.000 kg<br \/>\n[\/table]<\/p>\n<\/div><\/div><\/div><\/div><div id=\"pg-2473-2\"  class=\"panel-grid panel-no-style\" ><div id=\"pgc-2473-2-0\"  class=\"panel-grid-cell\" ><div id=\"panel-2473-2-0-0\" class=\"so-panel widget widget_black-studio-tinymce widget_black_studio_tinymce panel-first-child panel-last-child\" data-index=\"4\" ><h3 class=\"widget-title\">Zusammenbau<\/h3><div class=\"textwidget\"><p>[table colalign=\"left|left||left|right|right\"]<br \/>\nAnzahl,,Hersteller,Tischgr\u00f6sse,Max.Belastung<br \/>\n1,Planschleifmaschine,GREAT,1300x1200x800,2.500 kg<br \/>\n1,Planschleifmaschine,PERFECT,1100x550x500,500 kg<br \/>\n2,Pr\u00e4zisionsschleifmaschine,CHEVALLIER,500x250x200,-<br \/>\n1,Formeinrichtepresse ,-,2000x1600,200 t.<br \/>\n2,Rollbr\u00fccken ,-,-,10 t.<br \/>\n1,Rollbr\u00fccke,-,-,25T+10 t.<br \/>\n1,Rollbr\u00fccke,-,-,20T+5 t.<br \/>\n3,Halbportal ,-,-,5 t.<br \/>\n[\/table]<\/p>\n<\/div><\/div><\/div><div id=\"pgc-2473-2-1\"  class=\"panel-grid-cell\" ><div id=\"panel-2473-2-1-0\" class=\"so-panel widget panel-first-child panel-last-child\" data-index=\"5\" ><\/div><\/div><\/div><div id=\"pg-2473-3\"  class=\"panel-grid panel-no-style\" ><div id=\"pgc-2473-3-0\"  class=\"panel-grid-cell\" ><div id=\"panel-2473-3-0-0\" class=\"so-panel widget widget_black-studio-tinymce widget_black_studio_tinymce panel-first-child panel-last-child\" data-index=\"6\" ><h3 class=\"widget-title\">QS &#8211; Kontrolle<\/h3><div class=\"textwidget\"><p>[table colalign=\"left|left||left|right|right\"]<br \/>\nAnzahl,<br \/>\n1,FARO Edge - Messarm \u2013 tragbarer CMM mit Kontrollregister<br \/>\n[\/table]<\/p>\n<\/div><\/div><\/div><div id=\"pgc-2473-3-1\"  class=\"panel-grid-cell\" ><div id=\"panel-2473-3-1-0\" class=\"so-panel widget panel-first-child panel-last-child\" data-index=\"7\" ><\/div><\/div><\/div><\/div>","protected":false},"excerpt":{"rendered":"<p>MDTFORM verf\u00fcgt \u00fcber einen Maschinenpark, der hohe technologische Leistungsniveaus erm\u00f6glicht. Diese Spitzentechnologie im Zusammenhang mit dem Know-how, erm\u00f6glicht eine h\u00f6here Effizienz bei den Produktionsvorg\u00e4ngen und bei der Qualit\u00e4t unserer Projekte. [table colalign=&#8220;left|left&#8220;] Anzahl, 5,CAD CAM WorkNC &#8211; Anlage 3,CAD NX8 &#8211; Anlage 1,CAD Topmold &#8211; Anlage [\/table] [table colalign=&#8220;left|left||left|right|right&#8220;] Anzahl,,Hersteller,Tischgr\u00f6sse,Max.Belastung 1,5-achsiges Hochgeschwindigkeits-Bearbeitungszentrum ,DMG,750x650x650,600 kg 1,5-achsiges &hellip;<\/p>\n","protected":false},"author":1,"featured_media":0,"parent":2445,"menu_order":2,"comment_status":"closed","ping_status":"closed","template":"","meta":{"_acf_changed":false,"footnotes":""},"class_list":["post-2473","page","type-page","status-publish","hentry"],"acf":[],"aioseo_notices":[],"_links":{"self":[{"href":"https:\/\/mdtform.pt\/de\/wp-json\/wp\/v2\/pages\/2473","targetHints":{"allow":["GET"]}}],"collection":[{"href":"https:\/\/mdtform.pt\/de\/wp-json\/wp\/v2\/pages"}],"about":[{"href":"https:\/\/mdtform.pt\/de\/wp-json\/wp\/v2\/types\/page"}],"author":[{"embeddable":true,"href":"https:\/\/mdtform.pt\/de\/wp-json\/wp\/v2\/users\/1"}],"replies":[{"embeddable":true,"href":"https:\/\/mdtform.pt\/de\/wp-json\/wp\/v2\/comments?post=2473"}],"version-history":[{"count":4,"href":"https:\/\/mdtform.pt\/de\/wp-json\/wp\/v2\/pages\/2473\/revisions"}],"predecessor-version":[{"id":2611,"href":"https:\/\/mdtform.pt\/de\/wp-json\/wp\/v2\/pages\/2473\/revisions\/2611"}],"up":[{"embeddable":true,"href":"https:\/\/mdtform.pt\/de\/wp-json\/wp\/v2\/pages\/2445"}],"wp:attachment":[{"href":"https:\/\/mdtform.pt\/de\/wp-json\/wp\/v2\/media?parent=2473"}],"curies":[{"name":"wp","href":"https:\/\/api.w.org\/{rel}","templated":true}]}}