{"id":2460,"date":"2015-08-05T16:11:14","date_gmt":"2015-08-05T16:11:14","guid":{"rendered":"http:\/\/mdtform.pt\/de\/mdtform\/processos-2\/"},"modified":"2016-01-21T11:33:12","modified_gmt":"2016-01-21T11:33:12","slug":"ablaeufe","status":"publish","type":"page","link":"https:\/\/mdtform.pt\/de\/mdtform\/ablaeufe\/","title":{"rendered":"Abl\u00e4ufe"},"content":{"rendered":"<div id=\"pl-2460\"  class=\"panel-layout\" ><div id=\"pg-2460-0\"  class=\"panel-grid panel-no-style\" ><div id=\"pgc-2460-0-0\"  class=\"panel-grid-cell\" ><div id=\"panel-2460-0-0-0\" class=\"so-panel widget widget_black-studio-tinymce widget_black_studio_tinymce panel-first-child\" data-index=\"0\" ><div class=\"textwidget\"><h3 style=\"text-align: justify;\"><i class=\"fa fa-paper-plane-o\"><\/i> PLANUNG<\/h3>\n<p>Detaillierte Planung wie auch Anpassungsf\u00e4higkeit und Flexibilit\u00e4t erm\u00f6glichen eine h\u00f6here Effizienz in der Ausf\u00fchrung der verschiedenen Produktionsphasen.<\/p>\n<\/div><\/div><div id=\"panel-2460-0-0-1\" class=\"so-panel widget widget_black-studio-tinymce widget_black_studio_tinymce\" data-index=\"1\" ><div class=\"textwidget\"><h3 style=\"text-align: justify;\"><i class=\"fa fa-calculator\"><\/i>KONSTRUKTION<\/h3>\n<p style=\"text-align: justify;\">Unsere erfahrenen Techniker entwickeln mit modernen CAD-CAM-Systemen technische L\u00f6sungen f\u00fcr die komplexesten Anspr\u00fcche.<\/p>\n<\/div><\/div><div id=\"panel-2460-0-0-2\" class=\"so-panel widget widget_black-studio-tinymce widget_black_studio_tinymce\" data-index=\"2\" ><div class=\"textwidget\"><h3 style=\"text-align: justify;\"><i class=\"fa fa-cog\"><\/i> PRODUKTION<\/h3>\n<p>70 qualifizierte Techniker arbeiten mit modernen Ausr\u00fcstungen und Werkzeugen in 3 Schichten um kurze Lieferzeiten und Wettbewerbsf\u00e4hige Preise zu gew\u00e4hrleisten.<\/p>\n<p>Auf spezialisierte Bereiche aufgeteilt und mit einer Fl\u00e4che von 2500m2, bietet MDTFORM eine Wertsteigerung durch Qualit\u00e4t und Exzellenz im gesamten Produktionsvorgang. Vorrang und Anerkennung in diesem Marktsektor erreichen wir durch kontinuierliche Investition in Fortbildung und Technologie.<\/p>\n<\/div><\/div><div id=\"panel-2460-0-0-3\" class=\"so-panel widget widget_black-studio-tinymce widget_black_studio_tinymce\" data-index=\"3\" ><div class=\"textwidget\"><h3 style=\"text-align: justify;\"><i class=\"fa fa-check-square-o\"><\/i>MUSTERUNGEN<\/h3>\n<p style=\"text-align: justify;\">MDTFORM f\u00fchrt bei spezialisierten Partnern Musterungen und die entsprechenden Herstellungen durch um zu gew\u00e4hrleisten, dass diese den Anspr\u00fcchen der Kunden entsprechen und sie sogar noch \u00fcbertreffen.<\/p>\n<\/div><\/div><div id=\"panel-2460-0-0-4\" class=\"so-panel widget widget_black-studio-tinymce widget_black_studio_tinymce\" data-index=\"4\" ><div class=\"textwidget\"><h3 style=\"text-align: justify;\"><i class=\"fa fa-trophy\"><\/i> KONTROLLE UND QUALIT\u00c4T<\/h3>\n<p style=\"text-align: justify;\">MDTFORM k\u00fcmmert sich durchgehend um die Zufriedenheit unserer Kunden. So wird der gesamte Produktionsvorgang von qualifizierten und erfahrenen Technikern begleitet und kontrolliert, die ihre Aufgaben mit dem Ziel h\u00f6chstem Qualit\u00e4tsniveau ausf\u00fchren. MDTFORM verf\u00fchgt \u00fcber ein dreidimensionales Kontrollsystem, das sich durch eine Analyse und einen kompletten Messbericht zusammenstellt.<\/p>\n<p style=\"text-align: justify;\">MDTFORM setzt auf die Qualit\u00e4t des gesamten Vorgangs, welche als wichtigstes Werkzeug zur Erreichung von Vertrauen und Pr\u00e4ferenz vonseiten des Kunden angesehen wird. In diesem Sinne sind wir nun beim Zertifizierungsvorgang des Qualit\u00e4tsmanagments nach ISO 9001:2015.<\/p>\n<\/div><\/div><div id=\"panel-2460-0-0-5\" class=\"so-panel widget widget_black-studio-tinymce widget_black_studio_tinymce\" data-index=\"5\" ><div class=\"textwidget\"><h3 style=\"text-align: justify;\"><i class=\"fa fa-laptop\"><\/i> TECHNOLOGISCHES KNOW-HOW<\/h3>\n<p>MDTFORM verf\u00fcgt \u00fcber technische und produktive Kapazit\u00e4ten, die die Entwicklung und Herstellung von Formen bis zu 35 Tonnen von hohem Komplexit\u00e4tsniveau, u. a. wie Sandwich-Formen, 2-Komponenten-Formen (2K), Gasinnendruck-Formen (GID) und Spritzgussformen erm\u00f6glichten.<\/p>\n<\/div><\/div><div id=\"panel-2460-0-0-6\" class=\"so-panel widget widget_black-studio-tinymce widget_black_studio_tinymce panel-last-child\" data-index=\"6\" ><div class=\"textwidget\"><h3 style=\"text-align: justify;\"><i class=\"fa fa-graduation-cap\"><\/i> AUSBILDUNG\/FORTBILDUNG<\/h3>\n<p style=\"text-align: justify;\">Als Partner von verschiedenen Organisationen u. a. wie CENFIM in Marinha Grande und der polytechnischen Hochschule in Leiria, setzt MDTFORM auf Weiterbildung, Qualifizierung und Entwicklung seiner Techniker mit dem Ziel Produktivit\u00e4t und Leistung zu f\u00f6rdern.<\/p>\n<\/div><\/div><\/div><\/div><div id=\"pg-2460-1\"  class=\"panel-grid panel-no-style\" ><div id=\"pgc-2460-1-0\"  class=\"panel-grid-cell\" ><div id=\"panel-2460-1-0-0\" class=\"so-panel widget panel-first-child panel-last-child\" data-index=\"7\" ><\/div><\/div><div id=\"pgc-2460-1-1\"  class=\"panel-grid-cell\" ><div id=\"panel-2460-1-1-0\" class=\"so-panel widget panel-first-child panel-last-child\" data-index=\"8\" ><\/div><\/div><div id=\"pgc-2460-1-2\"  class=\"panel-grid-cell\" ><div id=\"panel-2460-1-2-0\" class=\"so-panel widget panel-first-child panel-last-child\" data-index=\"9\" ><\/div><\/div><div id=\"pgc-2460-1-3\"  class=\"panel-grid-cell\" ><div id=\"panel-2460-1-3-0\" class=\"so-panel widget panel-first-child panel-last-child\" data-index=\"10\" ><\/div><\/div><\/div><\/div>","protected":false},"excerpt":{"rendered":"<p>PLANUNGDetaillierte Planung wie auch Anpassungsf\u00e4higkeit und Flexibilit\u00e4t erm\u00f6glichen eine h\u00f6here Effizienz in der Ausf\u00fchrung der verschiedenen Produktionsphasen. KONSTRUKTIONUnsere erfahrenen Techniker entwickeln mit modernen CAD-CAM-Systemen technische L\u00f6sungen f\u00fcr die komplexesten Anspr\u00fcche. PRODUKTION70 qualifizierte Techniker arbeiten mit modernen Ausr\u00fcstungen und Werkzeugen in 3 Schichten um kurze Lieferzeiten und Wettbewerbsf\u00e4hige Preise zu gew\u00e4hrleisten.Auf spezialisierte Bereiche aufgeteilt und mit &hellip;<\/p>\n","protected":false},"author":1,"featured_media":0,"parent":2445,"menu_order":1,"comment_status":"closed","ping_status":"closed","template":"","meta":{"_acf_changed":false,"footnotes":""},"class_list":["post-2460","page","type-page","status-publish","hentry"],"acf":[],"aioseo_notices":[],"_links":{"self":[{"href":"https:\/\/mdtform.pt\/de\/wp-json\/wp\/v2\/pages\/2460","targetHints":{"allow":["GET"]}}],"collection":[{"href":"https:\/\/mdtform.pt\/de\/wp-json\/wp\/v2\/pages"}],"about":[{"href":"https:\/\/mdtform.pt\/de\/wp-json\/wp\/v2\/types\/page"}],"author":[{"embeddable":true,"href":"https:\/\/mdtform.pt\/de\/wp-json\/wp\/v2\/users\/1"}],"replies":[{"embeddable":true,"href":"https:\/\/mdtform.pt\/de\/wp-json\/wp\/v2\/comments?post=2460"}],"version-history":[{"count":6,"href":"https:\/\/mdtform.pt\/de\/wp-json\/wp\/v2\/pages\/2460\/revisions"}],"predecessor-version":[{"id":2700,"href":"https:\/\/mdtform.pt\/de\/wp-json\/wp\/v2\/pages\/2460\/revisions\/2700"}],"up":[{"embeddable":true,"href":"https:\/\/mdtform.pt\/de\/wp-json\/wp\/v2\/pages\/2445"}],"wp:attachment":[{"href":"https:\/\/mdtform.pt\/de\/wp-json\/wp\/v2\/media?parent=2460"}],"curies":[{"name":"wp","href":"https:\/\/api.w.org\/{rel}","templated":true}]}}