{"id":2445,"date":"2014-10-24T11:30:58","date_gmt":"2014-10-24T11:30:58","guid":{"rendered":"http:\/\/mdtform.pt\/de\/mdtform\/"},"modified":"2021-02-17T08:53:23","modified_gmt":"2021-02-17T08:53:23","slug":"mdtform","status":"publish","type":"page","link":"https:\/\/mdtform.pt\/de\/mdtform\/","title":{"rendered":"MDTForm"},"content":{"rendered":"<div id=\"pl-2445\"  class=\"panel-layout\" ><div id=\"pg-2445-0\"  class=\"panel-grid panel-no-style\" ><div id=\"pgc-2445-0-0\"  class=\"panel-grid-cell\" ><div id=\"panel-2445-0-0-0\" class=\"so-panel widget widget_black-studio-tinymce widget_black_studio_tinymce panel-first-child panel-last-child\" data-index=\"0\" ><h3 class=\"widget-title\">Wer wir sind<\/h3><div class=\"textwidget\"><p>MDTFORM entstand aus der Neuorganisation des Mutter-Unternehmens MOLDTATA Lda, welche sich auf verschiedene Aktivit\u00e4ten in einem sp\u00e4zifischen Bereich\/Unternehmen spezialisiert hatte. Ziel hier war, auf die Anfordungen des Marktes zu reagieren.<\/p>\n<p>Mit dieser Neuorganisation, erhielt MDTFORM nicht nur eine eigene Struktur die sich auf Studien, technische Entwicklung und Herstellung von Spritzgusswerkzeuge spezialiserte, sondern auch ein Team mit \u00fcber 20-j\u00e4hriger Erfahrung.<\/p>\n<\/div><\/div><\/div><\/div><div id=\"pg-2445-1\"  class=\"panel-grid panel-no-style\" ><div id=\"pgc-2445-1-0\"  class=\"panel-grid-cell\" ><div id=\"panel-2445-1-0-0\" class=\"so-panel widget widget_black-studio-tinymce widget_black_studio_tinymce panel-first-child\" data-index=\"1\" ><h3 class=\"widget-title\">Mission<\/h3><div class=\"textwidget\"><p style=\"text-align: justify;\">MDTFORM dient der Herstellung von Formen f\u00fcr die Spritzgussindustrie und Druckgussindustrie mit hoher Qualit\u00e4t, wettbewerbsf\u00e4higen Preisen und kurzen Lieferzeiten. Mit einem proaktiven Ansatz versuchen wir den Marktanforderungen einen Schritt voraus zu sein und entwickeln L\u00f6sungen, die die Anspr\u00fcche unserer Kunden \u00fcbersteigen.<\/p>\n<\/div><\/div><div id=\"panel-2445-1-0-1\" class=\"so-panel widget widget_black-studio-tinymce widget_black_studio_tinymce panel-last-child\" data-index=\"2\" ><h3 class=\"widget-title\">Vision<\/h3><div class=\"textwidget\"><p style=\"text-align: justify\">MDTFORM hat den Anspruch ein Referenzhersteller in der Werkzeugbau-Industrie zu sein, der durch die Qualit\u00e4t seiner Produkte und die Wertsch\u00e4tzung seiner Kundenbeziehungen bekannt und anerkannt ist und so zu einem langfristigen Partner wird.<\/p>\n<\/div><\/div><\/div><div id=\"pgc-2445-1-1\"  class=\"panel-grid-cell\" ><div id=\"panel-2445-1-1-0\" class=\"so-panel widget panel-first-child panel-last-child\" data-index=\"3\" ><\/div><\/div><\/div><div id=\"pg-2445-2\"  class=\"panel-grid panel-no-style\" ><div id=\"pgc-2445-2-0\"  class=\"panel-grid-cell\" ><div id=\"panel-2445-2-0-0\" class=\"so-panel widget widget_black-studio-tinymce widget_black_studio_tinymce panel-first-child\" data-index=\"4\" ><h3 class=\"widget-title\">Qualit\u00e4tsmanagment Politik <\/h3><div class=\"textwidget\"><p style=\"text-align: justify\">Bei der Konzeption, Entwicklung \u00a0und Herstellung von Metallformen f\u00fcr technische Teile in der \u00a0Kunststoff- und Druckgussindustrie beabsichtigt die \u00a0MDTForm sein Fachgebiet und sein internes Fachwissen als strategischer \u00a0Partner zu erweitern.<\/p>\n<p style=\"text-align: justify\">Das Unternhehmen ist bestrebt innovative L\u00f6sungen \u00fcber F\u00e4higkeitenentwicklung und Verpflichtungeswahrnehmung\u00a0 auf die Bed\u00fcrfnisse und Erwartungen seiner Kunden anzupassen<\/p>\n<p style=\"text-align: justify\">\n<p>&nbsp;<\/p>\n<p style=\"text-align: justify\">Die \u00a0MDTForm beabsichtigt Ihre Anerkennung durch :<\/p>\n<p style=\"text-align: justify\"><strong><em><u>Unternehmensgeist <\/u><\/em><\/strong>in der Vielf\u00e4ltigkeit seiner Produkte und Dienstleistungen mit dem Ziel neue L\u00f6sungen unter Anwendung neuer Technologien anbieten zu k\u00f6nnen.<\/p>\n<p style=\"text-align: justify\">Um eventuellige M\u00e4ngel zu beheben und Risiken vorzubeugen bevorzugt die MDT Form den internen und externen Wissenaustausch mit der <a href=\"https:\/\/synonyme.woxikon.de\/synonyme\/kollaboration.php\">Kollaboration<\/a> von \u00a0festen Partnern und regelm\u00e4ssiger Kontrolle.<\/p>\n<hr \/>\n<p style=\"text-align: justify\"><strong><em><u>Ehrlichkeit<\/u><\/em><\/strong> bei der Bewachung der Kundenanforderungen (Produktqualit\u00e4t) .\u00a0Aufbau einer Vertrauensbasis mit Einhaltung der gesetzlichen Verpflichtungen .<\/p>\n<hr \/>\n<p style=\"text-align: justify\"><strong><em><u>Aktiv<\/u><\/em><\/strong> in der kontinuierlichen Verbesserung des Qualit\u00e4tsmanagementsystems, Umweltmanagements und der Arbeitsschutzleistungen.\u00a0St\u00e4ndige Suche nach neuen Gesch\u00e4ftsbereichen und der Entwicklung neuer Konzepte.<\/p>\n<p style=\"text-align: justify\">Schaffung der Vertrauensbasis und untenbehrlichen Partnerschaften die f\u00fcr den Verbleib auf dem Markt unerl\u00e4sslich sind.<\/p>\n<hr \/>\n<p style=\"text-align: justify\"><strong><em><u>Flexibilt\u00e4t <\/u><\/em><\/strong>\u00a0bei Kundenanforderungen \u00a0und Erwartungen<\/p>\n<hr \/>\n<p style=\"text-align: justify\"><strong><em><u>Anders <\/u><\/em><\/strong><strong><em>\u00a0<\/em><\/strong>bei der Umsetzung von Arbeitsmethoden, die immer auf die Teamarbeit ausgerichtet sind und auf gegenseitige Unterst\u00fctzung und\u00a0 Informationsaustausch basieren.<\/p>\n<hr \/>\n<p style=\"text-align: justify\"><strong><em><u>Einhaltung <\/u><\/em><\/strong>der notwendigen Fortbildung , Motivation , allgemeines Wohlbefinden und Teamgeist;<\/p>\n<hr \/>\n<p style=\"text-align: justify\">\n<p style=\"text-align: justify\">Wir sind \u00fcberzeugt dass mit der Einf\u00fchrung dieser Grunds\u00e4tze es MDTForm gelingen wird mehr Glaubw\u00fcrdigkeit zu gewinnen.<\/p>\n<p style=\"text-align: justify\">Was zur Steigerung des Gesch\u00e4ftsvolumens, Einbezug neuer M\u00e4rkte und neuer Kunden beitr\u00e4gt und somit die Zukunft und Stabilit\u00e4t des Unternehmens und aller, die davon abh\u00e4ngen, sichert.<\/p>\n<p style=\"text-align: right\"><em>April 2020<\/em><\/p>\n<\/div><\/div><div id=\"panel-2445-2-0-1\" class=\"so-panel widget widget_black-studio-tinymce widget_black_studio_tinymce panel-last-child\" data-index=\"5\" ><h3 class=\"widget-title\">Zertifikate<\/h3><div class=\"textwidget\"><ul>\n<li>Standard NP EN ISO 9001: 2015, Gew\u00e4hrleistung der Wirksamkeit des Qualit\u00e4tsmanagementsystems<\/li>\n<\/ul>\n<p><img loading=\"lazy\" decoding=\"async\" class=\"aligncenter wp-image-3349 size-medium\" src=\"https:\/\/mdtform.pt\/wp-content\/uploads\/2021\/02\/Certificado-ISO9001_EN-220x300.jpg\" alt=\"\" width=\"220\" height=\"300\" srcset=\"https:\/\/mdtform.pt\/wp-content\/uploads\/2021\/02\/Certificado-ISO9001_EN-220x300.jpg 220w, https:\/\/mdtform.pt\/wp-content\/uploads\/2021\/02\/Certificado-ISO9001_EN-753x1024.jpg 753w, https:\/\/mdtform.pt\/wp-content\/uploads\/2021\/02\/Certificado-ISO9001_EN-768x1045.jpg 768w, https:\/\/mdtform.pt\/wp-content\/uploads\/2021\/02\/Certificado-ISO9001_EN-1129x1536.jpg 1129w, https:\/\/mdtform.pt\/wp-content\/uploads\/2021\/02\/Certificado-ISO9001_EN-408x555.jpg 408w, https:\/\/mdtform.pt\/wp-content\/uploads\/2021\/02\/Certificado-ISO9001_EN.jpg 1505w\" sizes=\"auto, (max-width: 220px) 100vw, 220px\" \/><\/p>\n<\/div><\/div><\/div><\/div><\/div>","protected":false},"excerpt":{"rendered":"<p>MDTFORM entstand aus der Neuorganisation des Mutter-Unternehmens MOLDTATA Lda, welche sich auf verschiedene Aktivit\u00e4ten in einem sp\u00e4zifischen Bereich\/Unternehmen spezialisiert hatte. Ziel hier war, auf die Anfordungen des Marktes zu reagieren. Mit dieser Neuorganisation, erhielt MDTFORM nicht nur eine eigene Struktur die sich auf Studien, technische Entwicklung und Herstellung von Spritzgusswerkzeuge spezialiserte, sondern auch ein Team &hellip;<\/p>\n","protected":false},"author":1,"featured_media":0,"parent":0,"menu_order":2,"comment_status":"closed","ping_status":"closed","template":"","meta":{"_acf_changed":false,"footnotes":""},"class_list":["post-2445","page","type-page","status-publish","hentry"],"acf":[],"aioseo_notices":[],"_links":{"self":[{"href":"https:\/\/mdtform.pt\/de\/wp-json\/wp\/v2\/pages\/2445","targetHints":{"allow":["GET"]}}],"collection":[{"href":"https:\/\/mdtform.pt\/de\/wp-json\/wp\/v2\/pages"}],"about":[{"href":"https:\/\/mdtform.pt\/de\/wp-json\/wp\/v2\/types\/page"}],"author":[{"embeddable":true,"href":"https:\/\/mdtform.pt\/de\/wp-json\/wp\/v2\/users\/1"}],"replies":[{"embeddable":true,"href":"https:\/\/mdtform.pt\/de\/wp-json\/wp\/v2\/comments?post=2445"}],"version-history":[{"count":13,"href":"https:\/\/mdtform.pt\/de\/wp-json\/wp\/v2\/pages\/2445\/revisions"}],"predecessor-version":[{"id":3356,"href":"https:\/\/mdtform.pt\/de\/wp-json\/wp\/v2\/pages\/2445\/revisions\/3356"}],"wp:attachment":[{"href":"https:\/\/mdtform.pt\/de\/wp-json\/wp\/v2\/media?parent=2445"}],"curies":[{"name":"wp","href":"https:\/\/api.w.org\/{rel}","templated":true}]}}