{"id":2427,"date":"2014-10-15T12:59:47","date_gmt":"2014-10-15T12:59:47","guid":{"rendered":"http:\/\/mdtform.pt\/de\/front-page\/"},"modified":"2020-08-26T10:13:31","modified_gmt":"2020-08-26T10:13:31","slug":"front-page","status":"publish","type":"page","link":"https:\/\/mdtform.pt\/de\/","title":{"rendered":"Front Page"},"content":{"rendered":"<div id=\"pl-2427\"  class=\"panel-layout\" ><div id=\"pg-2427-0\"  class=\"panel-grid panel-has-style\" ><div class=\"siteorigin-panels-stretch panel-row-style panel-row-style-for-2427-0\" data-stretch-type=\"full\" ><div id=\"pgc-2427-0-0\"  class=\"panel-grid-cell\" ><div id=\"panel-2427-0-0-0\" class=\"so-panel widget widget_pt_banner widget-banner panel-first-child panel-last-child\" data-index=\"0\" >\t\t\t\t<div class=\"banner__text\">\n\t\t\t\t\tSuchen Sie f\u00fcr Ihr Produkt einen Hersteller, der Schnelligkeit und kompatible Preise garantiert?\t\t\t\t<\/div>\n\t\t\t\t<div class=\"banner__buttons\">\n\t\t\t\t\t<a class=\"btn  btn-primary\" href=\"http:\/\/mdtform.pt\/de\/kontakte\/\" target=\"_self\">KONTAKTIEREN<\/a>   <a class=\"btn  btn-default\" href=\"http:\/\/mdtform.pt\/de\/portfolio\/\" target=\"_self\">PROJEKTE<\/a>\t\t\t\t<\/div>\n\t\t\t<\/div><\/div><\/div><\/div><div id=\"pg-2427-1\"  class=\"panel-grid panel-has-style\" ><div class=\"siteorigin-panels-stretch panel-row-style panel-row-style-for-2427-1\" data-stretch-type=\"full\" ><div id=\"pgc-2427-1-0\"  class=\"panel-grid-cell\" ><div id=\"panel-2427-1-0-0\" class=\"so-panel widget widget_ess-grid-widget widget_ess_grid panel-first-child panel-last-child\" data-index=\"1\" ><\/div><\/div><\/div><\/div><div id=\"pg-2427-2\"  class=\"panel-grid panel-no-style\" ><div id=\"pgc-2427-2-0\"  class=\"panel-grid-cell\" ><div id=\"panel-2427-2-0-0\" class=\"so-panel widget widget_text panel-first-child\" data-index=\"2\" >\t\t\t<div class=\"textwidget\"><\/div>\n\t\t<\/div><div id=\"panel-2427-2-0-1\" class=\"so-panel widget widget_black-studio-tinymce widget_black_studio_tinymce panel-last-child\" data-index=\"3\" ><h3 class=\"widget-title\">Wer wir sind<\/h3><div class=\"textwidget\"><p><img loading=\"lazy\" decoding=\"async\" src=\"http:\/\/mdtform.pt\/wp-content\/uploads\/2014\/10\/P13A8762-w-1024x684.jpg\" alt=\"P13A8762-w\" width=\"1024\" height=\"684\" class=\"alignleft size-large wp-image-2368\" srcset=\"https:\/\/mdtform.pt\/wp-content\/uploads\/2014\/10\/P13A8762-w-1024x684.jpg 1024w, https:\/\/mdtform.pt\/wp-content\/uploads\/2014\/10\/P13A8762-w-300x200.jpg 300w, https:\/\/mdtform.pt\/wp-content\/uploads\/2014\/10\/P13A8762-w-360x240.jpg 360w, https:\/\/mdtform.pt\/wp-content\/uploads\/2014\/10\/P13A8762-w-555x371.jpg 555w, https:\/\/mdtform.pt\/wp-content\/uploads\/2014\/10\/P13A8762-w-272x182.jpg 272w, https:\/\/mdtform.pt\/wp-content\/uploads\/2014\/10\/P13A8762-w.jpg 2000w\" sizes=\"auto, (max-width: 1024px) 100vw, 1024px\" \/><\/p>\n<\/div><\/div><\/div><div id=\"pgc-2427-2-1\"  class=\"panel-grid-cell\" ><div id=\"panel-2427-2-1-0\" class=\"so-panel widget widget_text panel-first-child\" data-index=\"4\" >\t\t\t<div class=\"textwidget\"><\/div>\n\t\t<\/div><div id=\"panel-2427-2-1-1\" class=\"so-panel widget widget_text\" data-index=\"5\" >\t\t\t<div class=\"textwidget\"><\/div>\n\t\t<\/div><div id=\"panel-2427-2-1-2\" class=\"so-panel widget widget_text\" data-index=\"6\" >\t\t\t<div class=\"textwidget\"><\/div>\n\t\t<\/div><div id=\"panel-2427-2-1-3\" class=\"so-panel widget widget_black-studio-tinymce widget_black_studio_tinymce panel-last-child\" data-index=\"7\" ><div class=\"textwidget\"><p>MDTFORM entsteht aufgrund der Umstrukturierung der Muttergesellschaft MOLDATA Lda , in der die verschiedenen Aktivit\u00e4ten in Sektoren in jeweilige spezialisierte Unternehmen aufgeteilt \u00a0werden, um zielgerecht den \u00a0Marktbed\u00fcrfnissen entgegen zu kommen.<\/p>\n<p>MDTFORM legt besondern Wert auf die Qualit\u00e4t der gesamten \u00a0Prozesse und nutzt \u00a0diese als grundlegendes Instrument um das Vertrauen und die Pr\u00e4ferenz seiner Kunden zu gewinnen.\u00a0Aufgrund dessen wurde die Zertifizierung\u00a0 des Qualit\u00e4tsmanagementsystems \u00a0ISO 9001:2015 in 2016 eingef\u00fchrt<\/p>\n<p><a class=\"btn  btn-primary\" href=\"http:\/\/mdtform.pt\/de\/mdtform\/\" target=\"_self\">Erfahren Sie mehr<\/a><\/p>\n<\/div><\/div><\/div><div id=\"pgc-2427-2-2\"  class=\"panel-grid-cell\" ><div id=\"panel-2427-2-2-0\" class=\"so-panel widget widget_text panel-first-child\" data-index=\"8\" >\t\t\t<div class=\"textwidget\"><\/div>\n\t\t<\/div>\n\t\t<div id=\"panel-2427-2-2-1\" class=\"so-panel widget widget_recent-posts widget_recent_entries panel-last-child\" data-index=\"9\" >\n\t\t<h3 class=\"widget-title\">Nachrichten<\/h3>\n\t\t<ul>\n\t\t\t\t\t\t\t\t\t\t\t<li>\n\t\t\t\t\t<a href=\"https:\/\/mdtform.pt\/de\/moulding-expo-2019\/\">Moulding Expo 2019<\/a>\n\t\t\t\t\t\t\t\t\t<\/li>\n\t\t\t\t\t\t\t\t\t\t\t<li>\n\t\t\t\t\t<a href=\"https:\/\/mdtform.pt\/de\/mdtform-na-midest-lyon-2019\/\">MDTFORM nach Midest Lyon 2019<\/a>\n\t\t\t\t\t\t\t\t\t<\/li>\n\t\t\t\t\t\t\t\t\t\t\t<li>\n\t\t\t\t\t<a href=\"https:\/\/mdtform.pt\/de\/mdtform-na-midest-2018\/\">MDTFORM nach Midest 2018<\/a>\n\t\t\t\t\t\t\t\t\t<\/li>\n\t\t\t\t\t\t\t\t\t\t\t<li>\n\t\t\t\t\t<a href=\"https:\/\/mdtform.pt\/de\/mdtform-com-certificacao-da-qualidade-pela-norma-iso-90012015\/\">MDTFORM mit Qualit\u00e4tszertifizierung nach ISO 9001: 2015<\/a>\n\t\t\t\t\t\t\t\t\t<\/li>\n\t\t\t\t\t\t\t\t\t\t\t<li>\n\t\t\t\t\t<a href=\"https:\/\/mdtform.pt\/de\/mdtform-na-fakuma-2017\/\">MDTFORM NACH FAKUMA 2017<\/a>\n\t\t\t\t\t\t\t\t\t<\/li>\n\t\t\t\t\t\t\t\t\t\t\t<li>\n\t\t\t\t\t<a href=\"https:\/\/mdtform.pt\/de\/iso-90012015\/\">ISO 9001:2015<\/a>\n\t\t\t\t\t\t\t\t\t<\/li>\n\t\t\t\t\t\t\t\t\t\t\t<li>\n\t\t\t\t\t<a href=\"https:\/\/mdtform.pt\/de\/mdtform-na-fakuma\/\">MDTFORM nach FAKUMA 2015<\/a>\n\t\t\t\t\t\t\t\t\t<\/li>\n\t\t\t\t\t\t\t\t\t\t\t<li>\n\t\t\t\t\t<a href=\"https:\/\/mdtform.pt\/de\/fakuma-messe-2015\/\">FAKUMA-Messe 2015<\/a>\n\t\t\t\t\t\t\t\t\t<\/li>\n\t\t\t\t\t<\/ul>\n\n\t\t<\/div><\/div><\/div><div id=\"pg-2427-3\"  class=\"panel-grid panel-has-style\" ><div class=\"siteorigin-panels-stretch panel-row-style panel-row-style-for-2427-3\" data-stretch-type=\"full\" ><div id=\"pgc-2427-3-0\"  class=\"panel-grid-cell\" ><div id=\"panel-2427-3-0-0\" class=\"so-panel widget widget_text panel-first-child panel-last-child\" data-index=\"10\" >\t\t\t<div class=\"textwidget\"><div class=\"motivational-text\">MDTFORM verf\u00fcgt \u00fcber technische und produktive Kapazit\u00e4ten, die die Entwicklung und Herstellung von Formen bis zu 35 Tonnen.<\/div><\/div>\n\t\t<\/div><\/div><\/div><\/div><\/div>","protected":false},"excerpt":{"rendered":"<p>Suchen Sie f\u00fcr Ihr Produkt einen Hersteller, der Schnelligkeit und kompatible Preise garantiert? KONTAKTIEREN PROJEKTE Wer wir sind MDTFORM entsteht aufgrund der Umstrukturierung der Muttergesellschaft MOLDATA Lda , in der die verschiedenen Aktivit\u00e4ten in Sektoren in jeweilige spezialisierte Unternehmen aufgeteilt \u00a0werden, um zielgerecht den \u00a0Marktbed\u00fcrfnissen entgegen zu kommen. MDTFORM legt besondern Wert auf die Qualit\u00e4t &hellip;<\/p>\n","protected":false},"author":1,"featured_media":0,"parent":0,"menu_order":1,"comment_status":"closed","ping_status":"closed","template":"template-front-page-slider.php","meta":{"_acf_changed":false,"footnotes":""},"class_list":["post-2427","page","type-page","status-publish","hentry"],"acf":[],"aioseo_notices":[],"_links":{"self":[{"href":"https:\/\/mdtform.pt\/de\/wp-json\/wp\/v2\/pages\/2427","targetHints":{"allow":["GET"]}}],"collection":[{"href":"https:\/\/mdtform.pt\/de\/wp-json\/wp\/v2\/pages"}],"about":[{"href":"https:\/\/mdtform.pt\/de\/wp-json\/wp\/v2\/types\/page"}],"author":[{"embeddable":true,"href":"https:\/\/mdtform.pt\/de\/wp-json\/wp\/v2\/users\/1"}],"replies":[{"embeddable":true,"href":"https:\/\/mdtform.pt\/de\/wp-json\/wp\/v2\/comments?post=2427"}],"version-history":[{"count":9,"href":"https:\/\/mdtform.pt\/de\/wp-json\/wp\/v2\/pages\/2427\/revisions"}],"predecessor-version":[{"id":3310,"href":"https:\/\/mdtform.pt\/de\/wp-json\/wp\/v2\/pages\/2427\/revisions\/3310"}],"wp:attachment":[{"href":"https:\/\/mdtform.pt\/de\/wp-json\/wp\/v2\/media?parent=2427"}],"curies":[{"name":"wp","href":"https:\/\/api.w.org\/{rel}","templated":true}]}}